{"id":19,"date":"2025-03-06T17:53:34","date_gmt":"2025-03-06T17:53:34","guid":{"rendered":"https:\/\/fibrocanada.ca\/?page_id=19"},"modified":"2025-08-21T11:42:39","modified_gmt":"2025-08-21T15:42:39","slug":"awareness","status":"publish","type":"page","link":"https:\/\/fibrocanada.ca\/en\/awareness","title":{"rendered":"Awareness Highlights"},"content":{"rendered":"<div class=\"et_pb_section_0 et_pb_section et_section_regular et_block_section\">\n<div class=\"et_pb_row_0 et_pb_row et_block_row\">\n<div class=\"et_pb_column_0 et_pb_column et_pb_column_3_5 et_block_column et_pb_css_mix_blend_mode_passthrough preset--module--divi-column--default\">\n<div class=\"et_pb_text_0 et_pb_text et_pb_bg_layout_light et_pb_module et_flex_module preset--module--divi-text--default\"><div class=\"et_pb_text_inner\"><h1>Awareness Highlights<\/h1>\n<\/div><\/div>\n<\/div>\n\n<div class=\"et_pb_column_1 et_pb_column et_pb_column_2_5 et-last-child et_block_column et_pb_css_mix_blend_mode_passthrough preset--module--divi-column--default\">\n<div class=\"et_pb_image_0 et_pb_image et_pb_module et_flex_module\"><span class=\"et_pb_image_wrap\"><img loading=\"lazy\" decoding=\"async\" src=\"https:\/\/fibrocanada.ca\/wp-content\/uploads\/2022\/03\/awareness-768x433-2-1.jpg\" alt=\"Being aware of fibromyalgia\" title=\"awareness-768&#215;433-2-1\" width=\"768\" height=\"433\" srcset=\"https:\/\/fibrocanada.ca\/wp-content\/uploads\/2022\/03\/awareness-768x433-2-1.jpg 768w, https:\/\/fibrocanada.ca\/wp-content\/uploads\/2022\/03\/awareness-768x433-2-1-480x271.jpg 480w\" sizes=\"(min-width: 0px) and (max-width: 480px) 480px, (min-width: 481px) 768px, 100vw\" class=\"wp-image-3581\" \/><\/span><\/div>\n<\/div>\n<\/div>\n\n<div class=\"et_pb_row_1 et_pb_row et_block_row\">\n<div class=\"et_pb_column_2 et_pb_column et_pb_column_4_4 et-last-child et_block_column et_pb_css_mix_blend_mode_passthrough preset--module--divi-column--default\">\n<div class=\"et_pb_text_1 et_pb_text et_pb_bg_layout_light et_pb_module et_flex_module preset--module--divi-text--default\"><div class=\"et_pb_text_inner\"><p><strong>These highlights share important information to help people gain a deeper understanding of fibromyalgia, its challenges, and the many ways to offer support to those of us affected by this chronic condition.<\/strong><\/p>\n<p><strong>Many individuals struggle for years without a proper diagnosis, often facing skepticism or misunderstanding from others. By shedding light on the realities of this condition, FAC can help break down stigma, promote earlier recognition, and encourage better care and management.<\/strong><\/p>\n<p><strong>For those of us living with persistent pain, fatigue, and other life-altering symptoms, having a supportive and informed community can make a significant difference.<\/strong><\/p>\n<p><strong>Whether you are personally affected, know someone who is, or simply want to be an ally, increasing knowledge fosters greater empathy, and action.<\/strong><\/p>\n<p><strong>Small effort, such as listening without judgment, acknowledging the daily struggles, and supporting research and healthcare improvements, can have a lasting impact.\u00a0<\/strong><\/p>\n<p><strong>Together, we can work toward a future where those of us facing these challenges are understood, respected, and empowered.<\/strong><\/p>\n<h2><strong>Awareness Makes a Difference<\/strong><\/h2>\n<p><strong>If you would like the help Fibromyalgia Association Canada please consider joining our Awareness Committee here <a href=\"https:\/\/fibrocanada.ca\/en\/volunteer\/\">https:\/\/fibrocanada.ca\/en\/volunteer\/<\/a><\/strong><\/p>\n<p><strong><\/strong><\/p>\n<p><strong><\/strong><\/p>\n<\/div><\/div>\n<\/div>\n<\/div>\n<\/div>\n\n<div class=\"et_pb_section_1 et_pb_section et_section_regular et_block_section\">\n<div class=\"et_pb_row_2 et_pb_row et_pb_equal_columns et_pb_gutters2 et_block_row\">\n<div class=\"et_pb_column_3 et_pb_column et_pb_column_4_4 et-last-child et_block_column et_pb_css_mix_blend_mode_passthrough preset--module--divi-column--default\">\n<div class=\"et_pb_blog_0 et_pb_blog et_pb_bg_layout_light et_pb_posts et_pb_module et_blog_grid_equal_height preset--module--divi-blog--default\"><div class=\"et_pb_ajax_pagination_container\"><div class=\"et_pb_posts et_flex_module\"><article class=\"et_pb_post et_pb_post_id_16902 clearfix et_pb_blog_item_0_0 post-16902 post type-post status-publish format-standard has-post-thumbnail hentry category-awareness-hightlights category-fac-blog category-education-highlights category-sociable tag-anxiety tag-blog tag-education-highlights tag-fibromyalgia tag-mental-health tag-support pmpro-has-access\"><a href=\"https:\/\/fibrocanada.ca\/en\/fibromyalgia-and-anxiety\" class=\"entry-featured-image-url\"><img loading=\"lazy\" decoding=\"async\" src=\"https:\/\/fibrocanada.ca\/wp-content\/uploads\/2025\/03\/Anxiety-for-website-e1741795903620.png\" width=\"600\" height=\"600\" alt=\"Recevoir un diagnostic de fibromyalgie peut \u00eatre accablant. Contrairement \u00e0 d&#039;autres affections avec des tests diagnostiques clairs et des plans de traitement d\u00e9finis, la fibromyalgie reste mal comprise. Cette incertitude peut entra\u00eener des sentiments de frustration, de peur et d&#039;impuissance. Tout le monde ne souffrira pas d&#039;anxi\u00e9t\u00e9 et de d\u00e9pression, mais plusieurs facteurs peuvent conduire \u00e0 ces \u00e9tats d&#039;humeur lorsque l&#039;on vit avec la fibromyalgie.\" class=\"et_pb_post_main_image\" \/><span data-icon=\"5\" class=\"et_overlay et_pb_inline_icon\"><\/span><\/a><h2 class=\"entry-title\"><a href=\"https:\/\/fibrocanada.ca\/en\/fibromyalgia-and-anxiety\">Fibromyalgia and Anxiety:<\/a><\/h2><p class=\"post-meta\"><\/p><div class=\"post-content\"><div class=\"post-content-inner\"><p>Receiving a fibromyalgia diagnosis can be overwhelming. Unlike other conditions with clear diagnostic tests and treatment plans, fibromyalgia remains misunderstood. This uncertainty can lead to feelings of frustration, fear, and helplessness. Not everyone will suffer fr&hellip;<\/p>\n<\/div><\/div><\/article><article class=\"et_pb_post et_pb_post_id_16532 clearfix et_pb_blog_item_0_1 post-16532 post type-post status-publish format-standard has-post-thumbnail hentry category-awareness-hightlights category-fac-blog category-education-highlights category-sociable tag-awareness-highlights tag-education-highlights tag-fibromyalgia tag-goals tag-mini-goals pmpro-has-access\"><a href=\"https:\/\/fibrocanada.ca\/en\/mini-goals\" class=\"entry-featured-image-url\"><img loading=\"lazy\" decoding=\"async\" src=\"https:\/\/fibrocanada.ca\/wp-content\/uploads\/2025\/02\/2025-20-e1738589141498.png\" width=\"600\" height=\"600\" alt=\"mini goals are achievable.\" class=\"et_pb_post_main_image\" \/><span data-icon=\"5\" class=\"et_overlay et_pb_inline_icon\"><\/span><\/a><h2 class=\"entry-title\"><a href=\"https:\/\/fibrocanada.ca\/en\/mini-goals\">Mini Goals: Focus on Achievable Targets for Better Fibromyalgia Management<\/a><\/h2><p class=\"post-meta\"><\/p><div class=\"post-content\"><div class=\"post-content-inner\"><p>Mini goals are not just about achieving tasks\u2014they\u2019re about embracing your journey with fibromyalgia. By focusing on incremental steps, you can build a sense of control, nurture your well-being, and experience the satisfaction of steady progress.<\/p>\n<\/div><\/div><\/article><article class=\"et_pb_post et_pb_post_id_16526 clearfix et_pb_blog_item_0_2 post-16526 post type-post status-publish format-standard has-post-thumbnail hentry category-awareness-hightlights category-fac-blog category-education-highlights category-sociable tag-awareness-highlights tag-education-highlights tag-mental-health tag-smart-goals tag-support pmpro-has-access\"><a href=\"https:\/\/fibrocanada.ca\/en\/setting-5-smart-goals\" class=\"entry-featured-image-url\"><img loading=\"lazy\" decoding=\"async\" src=\"https:\/\/fibrocanada.ca\/wp-content\/uploads\/2025\/02\/SMART-Goals-e1738587091720.png\" width=\"600\" height=\"600\" alt=\"Want to know how to set and achieve your goals? Make them SMART goals.\" class=\"et_pb_post_main_image\" \/><span data-icon=\"5\" class=\"et_overlay et_pb_inline_icon\"><\/span><\/a><h2 class=\"entry-title\"><a href=\"https:\/\/fibrocanada.ca\/en\/setting-5-smart-goals\">Living with Fibromyalgia and Setting 5 SMART Goals<\/a><\/h2><p class=\"post-meta\"><\/p><div class=\"post-content\"><div class=\"post-content-inner\"><p>Living with fibromyalgia means navigating persistent pain, fatigue, and mental fog. It can feel as though the world demands a level of productivity that feels out of reach when your own body resists. The idea of setting goals may seem daunting\u2014how can you work toward&hellip;<\/p>\n<\/div><\/div><\/article><article class=\"et_pb_post et_pb_post_id_16479 clearfix et_pb_blog_item_0_3 post-16479 post type-post status-publish format-standard has-post-thumbnail hentry category-awareness-hightlights category-fac-blog category-education-highlights category-sociable tag-education-highlights tag-fibromyalgia tag-support pmpro-has-access\"><a href=\"https:\/\/fibrocanada.ca\/en\/fibromyalgia-and-pots\" class=\"entry-featured-image-url\"><img loading=\"lazy\" decoding=\"async\" src=\"https:\/\/fibrocanada.ca\/wp-content\/uploads\/2025\/01\/2024-TEMPLATE-7.png\" width=\"1080\" height=\"1080\" alt=\"What causes POTS, how to get diagnosed and treatment options\" class=\"et_pb_post_main_image\" \/><span data-icon=\"5\" class=\"et_overlay et_pb_inline_icon\"><\/span><\/a><h2 class=\"entry-title\"><a href=\"https:\/\/fibrocanada.ca\/en\/fibromyalgia-and-pots\">Understanding Life with Fibromyalgia and POTS<\/a><\/h2><p class=\"post-meta\"><\/p><div class=\"post-content\"><div class=\"post-content-inner\"><p>Fibromyalgia and POTS (Postural Orthostatic Tachycardia Syndrome) are chronic conditions that often coexist, sharing symptoms such as severe fatigue, brain fog, and pain.<\/p>\n<\/div><\/div><\/article><article class=\"et_pb_post et_pb_post_id_16418 clearfix et_pb_blog_item_0_4 post-16418 post type-post status-publish format-standard has-post-thumbnail hentry category-awareness-hightlights category-fac-blog category-education-highlights tag-fibromyalgia tag-self-help tag-winter pmpro-has-access\"><a href=\"https:\/\/fibrocanada.ca\/en\/winter-self-care-tips\" class=\"entry-featured-image-url\"><img loading=\"lazy\" decoding=\"async\" src=\"https:\/\/fibrocanada.ca\/wp-content\/uploads\/2025\/01\/472788523_10160599512746696_8161974937865957742_n-e1738004325814.jpg\" width=\"600\" height=\"800\" alt=\"L\u2019hiver au Canada n\u2019est pas une mince affaire.\" class=\"et_pb_post_main_image\" \/><span data-icon=\"5\" class=\"et_overlay et_pb_inline_icon\"><\/span><\/a><h2 class=\"entry-title\"><a href=\"https:\/\/fibrocanada.ca\/en\/winter-self-care-tips\">Winter Self-Care Tips 4  People with Fibromyalgia<\/a><\/h2><p class=\"post-meta\"><\/p><div class=\"post-content\"><div class=\"post-content-inner\"><p>Winter in Canada is no walk in the park. The biting cold, heavy snowfall, and long, dark evenings can amplify the challenges of living with fibromyalgia. For many, the drop in temperature brings increased muscle stiffness, heightened pain, and relentless fatigue, leavin&hellip;<\/p>\n<\/div><\/div><\/article><article class=\"et_pb_post et_pb_post_id_15993 clearfix et_pb_blog_item_0_5 post-15993 post type-post status-publish format-standard has-post-thumbnail hentry category-awareness-hightlights category-education-highlights tag-awareness tag-education-highlights tag-support pmpro-has-access\"><a href=\"https:\/\/fibrocanada.ca\/en\/supporting-someone-with-fibromyalgia\" class=\"entry-featured-image-url\"><img loading=\"lazy\" decoding=\"async\" src=\"https:\/\/fibrocanada.ca\/wp-content\/uploads\/2024\/12\/Screenshot-2024-12-18-210859.png\" width=\"778\" height=\"527\" alt=\"Supporting someone with fibromyalgia during the Christmas season?\" class=\"et_pb_post_main_image\" \/><span data-icon=\"5\" class=\"et_overlay et_pb_inline_icon\"><\/span><\/a><h2 class=\"entry-title\"><a href=\"https:\/\/fibrocanada.ca\/en\/supporting-someone-with-fibromyalgia\">Supporting Someone with Fibromyalgia This Christmas: A Heartfelt Guide for Family and Friends<\/a><\/h2><p class=\"post-meta\"><\/p><div class=\"post-content\"><div class=\"post-content-inner\"><p>How best to supporting someone with fibromyalgia during the Christmas season, here\u2019s some thoughtful tips and strategies that will make a big difference.<\/p>\n<\/div><\/div><\/article><article class=\"et_pb_post et_pb_post_id_15982 clearfix et_pb_blog_item_0_6 post-15982 post type-post status-publish format-standard has-post-thumbnail hentry category-awareness-hightlights category-fac-blog category-education-highlights tag-awareness-highlights tag-education-highlights tag-mental-health tag-support pmpro-has-access\"><a href=\"https:\/\/fibrocanada.ca\/en\/managing-fibromyalgia-during-the-holiday-season-a-guide-to-enjoying-the-holidays\" class=\"entry-featured-image-url\"><img loading=\"lazy\" decoding=\"async\" src=\"https:\/\/fibrocanada.ca\/wp-content\/uploads\/2024\/12\/Screenshot-2024-12-18-085947.png\" width=\"777\" height=\"532\" alt=\"Managing Fibromyalgia During the Holiday Season: A Guide to Enjoying the Holidays\" class=\"et_pb_post_main_image\" \/><span data-icon=\"5\" class=\"et_overlay et_pb_inline_icon\"><\/span><\/a><h2 class=\"entry-title\"><a href=\"https:\/\/fibrocanada.ca\/en\/managing-fibromyalgia-during-the-holiday-season-a-guide-to-enjoying-the-holidays\">Managing Fibromyalgia During the Holiday Season: A Guide to Enjoying the Holidays<\/a><\/h2><p class=\"post-meta\"><\/p><div class=\"post-content\"><div class=\"post-content-inner\"><p>The physical demands of shopping, meal prep, attending gatherings, and keeping up with traditions can quickly become overwhelming. The good news is that with a little planning and some mindful adjustments, it\u2019s possible to enjoy the festivities while still taking care&hellip;<\/p>\n<\/div><\/div><\/article><article class=\"et_pb_post et_pb_post_id_15969 clearfix et_pb_blog_item_0_7 post-15969 post type-post status-publish format-standard has-post-thumbnail hentry category-awareness-hightlights category-education-highlights tag-awareness tag-education tag-education-highlights tag-mental-health tag-support pmpro-has-access\"><a href=\"https:\/\/fibrocanada.ca\/en\/the-holiday-season-is-not-always-the-most-wonderful-time-of-the-year\" class=\"entry-featured-image-url\"><img loading=\"lazy\" decoding=\"async\" src=\"https:\/\/fibrocanada.ca\/wp-content\/uploads\/2024\/12\/Screenshot-2024-12-17-195037.png\" width=\"795\" height=\"537\" alt=\"The Holiday Season is not Always the Most Wonderful Time of the Year\" class=\"et_pb_post_main_image\" \/><span data-icon=\"5\" class=\"et_overlay et_pb_inline_icon\"><\/span><\/a><h2 class=\"entry-title\"><a href=\"https:\/\/fibrocanada.ca\/en\/the-holiday-season-is-not-always-the-most-wonderful-time-of-the-year\">The Holiday Season is not Always the Most Wonderful Time of the Year<\/a><\/h2><p class=\"post-meta\"><\/p><div class=\"post-content\"><div class=\"post-content-inner\"><p>The holiday season is often thought of as a joyful time\u2014a chance to gather with loved ones, share meals, and celebrate cherished traditions.  Fibromyalgia Association Canada (FAC) recognizes that this isn&#8217;t the reality for everyone. For some, especially those living w&hellip;<\/p>\n<\/div><\/div><\/article><article class=\"et_pb_post et_pb_post_id_14339 clearfix et_pb_blog_item_0_8 post-14339 post type-post status-publish format-standard has-post-thumbnail hentry category-awareness-hightlights pmpro-has-access\"><a href=\"https:\/\/fibrocanada.ca\/en\/impact-of-changing-seasons-on-fibromyalgia\" class=\"entry-featured-image-url\"><img loading=\"lazy\" decoding=\"async\" src=\"https:\/\/fibrocanada.ca\/wp-content\/uploads\/2024\/09\/Seasonal-Summer-to-FAll-e1736268680319.png\" width=\"600\" height=\"600\" alt=\"The Impact of Changing Seasons on Fibromyalgia: From Summer to Fall\" class=\"et_pb_post_main_image\" \/><span data-icon=\"5\" class=\"et_overlay et_pb_inline_icon\"><\/span><\/a><h2 class=\"entry-title\"><a href=\"https:\/\/fibrocanada.ca\/en\/impact-of-changing-seasons-on-fibromyalgia\">The Impact of Changing Seasons on Fibromyalgia: From Summer to Fall<\/a><\/h2><p class=\"post-meta\"><\/p><div class=\"post-content\"><div class=\"post-content-inner\"><p>Individuals with fibromyalgia often have impaired thermoregulation which means changing seasons can have a real impact.<\/p>\n<\/div><\/div><\/article><article class=\"et_pb_post et_pb_post_id_13018 clearfix et_pb_blog_item_0_9 post-13018 post type-post status-publish format-standard has-post-thumbnail hentry category-awareness-hightlights category-sociable pmpro-has-access\"><a href=\"https:\/\/fibrocanada.ca\/en\/summer-tips\" class=\"entry-featured-image-url\"><img loading=\"lazy\" decoding=\"async\" src=\"https:\/\/fibrocanada.ca\/wp-content\/uploads\/2024\/06\/Sunset-e1720104954840.png\" width=\"150\" height=\"225\" alt=\"Thriving with Fibromyalgia: Unique Summer Tips for a Comfortable Season\" class=\"et_pb_post_main_image\" \/><span data-icon=\"5\" class=\"et_overlay et_pb_inline_icon\"><\/span><\/a><h2 class=\"entry-title\"><a href=\"https:\/\/fibrocanada.ca\/en\/summer-tips\">Thriving with Fibromyalgia: Unique Summer Tips for a Comfortable Season<\/a><\/h2><p class=\"post-meta\"><\/p><div class=\"post-content\"><div class=\"post-content-inner\"><p>Summer can be a season of fun and relaxation, but for those with fibromyalgia, the heat and changes in routine can bring about unique challenges.<\/p>\n<\/div><\/div><\/article><\/div><\/div><\/div>\n\n<div class=\"et_pb_code_0 et_pb_code et_pb_module\"><div class=\"et_pb_code_inner\"><script>\n\tjQuery(document).on('ready ajaxComplete', function () {\n\t\t\/\/Replace read more link text\n\t\tjQuery(\".et_pb_post a.more-link\").html(function () {\n\t\t\treturn jQuery(this).html().replace('read more', 'See more');\n\t\t});\n\t}); \n<\/script><\/div><\/div>\n<\/div>\n<\/div>\n<\/div>","protected":false},"excerpt":{"rendered":"<p>These Awareness Highlights  shares important information about fibromyalgia to help people understand the condition, its impact, and ways to support those living with it.<\/p>\n","protected":false},"author":1,"featured_media":3581,"parent":0,"menu_order":0,"comment_status":"closed","ping_status":"closed","template":"","meta":{"_acf_changed":false,"pmpro_default_level":"","footnotes":""},"class_list":["post-19","page","type-page","status-publish","has-post-thumbnail","hentry","pmpro-has-access"],"acf":[],"_links":{"self":[{"href":"https:\/\/fibrocanada.ca\/en\/wp-json\/wp\/v2\/pages\/19","targetHints":{"allow":["GET"]}}],"collection":[{"href":"https:\/\/fibrocanada.ca\/en\/wp-json\/wp\/v2\/pages"}],"about":[{"href":"https:\/\/fibrocanada.ca\/en\/wp-json\/wp\/v2\/types\/page"}],"author":[{"embeddable":true,"href":"https:\/\/fibrocanada.ca\/en\/wp-json\/wp\/v2\/users\/1"}],"replies":[{"embeddable":true,"href":"https:\/\/fibrocanada.ca\/en\/wp-json\/wp\/v2\/comments?post=19"}],"version-history":[{"count":0,"href":"https:\/\/fibrocanada.ca\/en\/wp-json\/wp\/v2\/pages\/19\/revisions"}],"wp:featuredmedia":[{"embeddable":true,"href":"https:\/\/fibrocanada.ca\/en\/wp-json\/wp\/v2\/media\/3581"}],"wp:attachment":[{"href":"https:\/\/fibrocanada.ca\/en\/wp-json\/wp\/v2\/media?parent=19"}],"curies":[{"name":"wp","href":"https:\/\/api.w.org\/{rel}","templated":true}]}}