{"id":15755,"date":"2024-12-02T18:17:03","date_gmt":"2024-12-02T23:17:03","guid":{"rendered":"https:\/\/fibrocanada.ca\/?page_id=15755"},"modified":"2025-07-15T13:21:01","modified_gmt":"2025-07-15T19:21:01","slug":"poll-results","status":"publish","type":"page","link":"https:\/\/fibrocanada.ca\/fr\/poll-results","title":{"rendered":"Poll Results"},"content":{"rendered":"<div class=\"et_pb_section_0 et_pb_section et_section_regular et_block_section\">\n<div class=\"et_pb_row_0 et_pb_row et_block_row\">\n<div class=\"et_pb_column_0 et_pb_column et_pb_column_4_4 et-last-child et_block_column et_pb_css_mix_blend_mode_passthrough preset--module--divi-column--default\">\n<div class=\"et_pb_text_0 et_pb_text et_pb_bg_layout_light et_pb_module et_flex_module preset--module--divi-text--default\"><div class=\"et_pb_text_inner\"><p>Current Poll<\/p>\n<\/div><\/div>\n\n<div class=\"et_pb_blog_0 et_pb_blog et_pb_bg_layout_light et_pb_posts et_pb_module et_blog_grid_equal_height preset--module--divi-blog--default\"><div class=\"et_pb_ajax_pagination_container\"><div class=\"et_pb_posts et_flex_module\"><article class=\"et_pb_post et_pb_post_id_22422 clearfix et_pb_blog_item_0_0 post-22422 post type-post status-publish format-standard has-post-thumbnail hentry category-polls tag-open-poll pmpro-level-required pmpro-level-8 pmpro-level-10 pmpro-no-access\"><a href=\"https:\/\/fibrocanada.ca\/fr\/informal-research-poll-healthcare-experience\" class=\"entry-featured-image-url\"><img loading=\"lazy\" decoding=\"async\" src=\"https:\/\/fibrocanada.ca\/wp-content\/uploads\/2025\/11\/FAC-Poll-FR-EN-HealthExperience-1.jpeg\" width=\"1200\" height=\"600\" alt=\"Informal Research Poll &#8211; Healthcare Experience\" class=\"et_pb_post_main_image\" \/><span data-icon=\"5\" class=\"et_overlay et_pb_inline_icon\"><\/span><\/a><h2 class=\"entry-title\"><a href=\"https:\/\/fibrocanada.ca\/fr\/informal-research-poll-healthcare-experience\">Informal Research Poll &#8211; Healthcare Experience<\/a><\/h2><p class=\"post-meta\"><\/p><div class=\"post-content\"><div class=\"post-content-inner\"><p>We'd like to know about your healthcare experience with fibromyalgia. Take a quick survey...<\/p>\n<div class=\"pmpro\"><div class=\"pmpro_card pmpro_content_message et_pb_row\"><div class=\"pmpro_card_content translation-block\">Ce contenu n\u00e9cessite une adh\u00e9sion pour \u00eatre consult\u00e9.\nVeuillez vous inscrire ou vous connecter ci-dessous.<\/div><div class=\"pmpro_card_actions pmpro_font-medium\">Already a member? <a href=\"https:\/\/fibrocanada.ca\/fr\/login?redirect_to=https%3A%2F%2Ffibrocanada.ca%2Ffr%2Finformal-research-poll-healthcare-experience\">Connectez-vous ici<\/a><\/div><\/div><\/div><\/div><\/div><\/article><\/div><\/div><\/div>\n<\/div>\n<\/div>\n\n<div class=\"et_pb_row_1 et_pb_row et_flex_row\">\n<div class=\"et_pb_column_1 et_pb_column et-last-child et_block_column et_pb_css_mix_blend_mode_passthrough et_flex_column_24_24 et_flex_column_24_24_tablet et_flex_column_24_24_phone et_flex_column_24_24_tabletWide et_flex_column_24_24_widescreen et_flex_column_24_24_ultraWide preset--module--divi-column--default\">\n<div class=\"et_pb_text_1 et_pb_text et_pb_bg_layout_light et_pb_module et_flex_module preset--module--divi-text--default\"><div class=\"et_pb_text_inner\"><p>Past Poll Results<\/p>\n<\/div><\/div>\n\n<div class=\"et_pb_blog_1 et_pb_blog et_pb_bg_layout_light et_pb_posts et_pb_module et_blog_grid_equal_height preset--module--divi-blog--default\"><div class=\"et_pb_ajax_pagination_container\"><div class=\"et_pb_posts et_flex_module\"><article class=\"et_pb_post et_pb_post_id_17357 clearfix et_pb_blog_item_1_0 post-17357 post type-post status-publish format-standard has-post-thumbnail hentry category-polls category-closed-polls tag-poll-closed pmpro-level-required pmpro-level-8 pmpro-level-10 pmpro-no-access\"><a href=\"https:\/\/fibrocanada.ca\/fr\/informal-research-poll-coping-strategies\" class=\"entry-featured-image-url\"><img loading=\"lazy\" decoding=\"async\" src=\"https:\/\/fibrocanada.ca\/wp-content\/uploads\/2025\/04\/FAC-Poll-Coping-StrategiesEN.webp\" width=\"650\" height=\"325\" alt=\"coping strategies for fibromyalgia- an informal research poll\" class=\"et_pb_post_main_image\" \/><span data-icon=\"5\" class=\"et_overlay et_pb_inline_icon\"><\/span><\/a><h2 class=\"entry-title\"><a href=\"https:\/\/fibrocanada.ca\/fr\/informal-research-poll-coping-strategies\">Sondage de recherche informel \u2013 Strat\u00e9gies d'adaptation<\/a><\/h2><p class=\"post-meta\"><\/p><div class=\"post-content\"><div class=\"post-content-inner\"><\/div><\/div><\/article><article class=\"et_pb_post et_pb_post_id_17119 clearfix et_pb_blog_item_1_1 post-17119 post type-post status-publish format-standard has-post-thumbnail hentry category-polls category-closed-polls tag-poll-closed pmpro-level-required pmpro-level-8 pmpro-level-10 pmpro-no-access\"><a href=\"https:\/\/fibrocanada.ca\/fr\/informal-research-poll-community-support\" class=\"entry-featured-image-url\"><img loading=\"lazy\" decoding=\"async\" src=\"https:\/\/fibrocanada.ca\/wp-content\/uploads\/2025\/03\/FAC-Poll-Community-Support-EN.webp\" width=\"600\" height=\"300\" alt=\"Poll: Community Support\" class=\"et_pb_post_main_image\" \/><span data-icon=\"5\" class=\"et_overlay et_pb_inline_icon\"><\/span><\/a><h2 class=\"entry-title\"><a href=\"https:\/\/fibrocanada.ca\/fr\/informal-research-poll-community-support\">Informal Research Poll &#8211; Community Support<\/a><\/h2><p class=\"post-meta\"><\/p><div class=\"post-content\"><div class=\"post-content-inner\"><\/div><\/div><\/article><article class=\"et_pb_post et_pb_post_id_16684 clearfix et_pb_blog_item_1_2 post-16684 post type-post status-publish format-standard has-post-thumbnail hentry category-polls category-closed-polls tag-poll-closed pmpro-level-required pmpro-level-8 pmpro-level-10 pmpro-no-access\"><a href=\"https:\/\/fibrocanada.ca\/fr\/informal-research-poll-exercise\" class=\"entry-featured-image-url\"><img loading=\"lazy\" decoding=\"async\" src=\"https:\/\/fibrocanada.ca\/wp-content\/uploads\/2025\/02\/FAC-Poll-Exercise-v2EN.webp\" width=\"800\" height=\"400\" alt=\"Informal Research Poll &#8211; Exercise\" class=\"et_pb_post_main_image\" \/><span data-icon=\"5\" class=\"et_overlay et_pb_inline_icon\"><\/span><\/a><h2 class=\"entry-title\"><a href=\"https:\/\/fibrocanada.ca\/fr\/informal-research-poll-exercise\">Sondage de recherche informel \u2013 Exercice<\/a><\/h2><p class=\"post-meta\"><\/p><div class=\"post-content\"><div class=\"post-content-inner\"><\/div><\/div><\/article><article class=\"et_pb_post et_pb_post_id_16468 clearfix et_pb_blog_item_1_3 post-16468 post type-post status-publish format-standard has-post-thumbnail hentry category-polls category-closed-polls tag-poll-closed pmpro-level-required pmpro-level-8 pmpro-level-10 pmpro-no-access\"><a href=\"https:\/\/fibrocanada.ca\/fr\/informal-research-poll-weather\" class=\"entry-featured-image-url\"><img loading=\"lazy\" decoding=\"async\" src=\"https:\/\/fibrocanada.ca\/wp-content\/uploads\/2025\/01\/FAC-Poll-Weather.webp\" width=\"650\" height=\"325\" alt=\"weather and the impact on fibromyalgia symptoms--poll questions\" class=\"et_pb_post_main_image\" \/><span data-icon=\"5\" class=\"et_overlay et_pb_inline_icon\"><\/span><\/a><h2 class=\"entry-title\"><a href=\"https:\/\/fibrocanada.ca\/fr\/informal-research-poll-weather\">Sondage de recherche informel \u2013 M\u00e9t\u00e9o<\/a><\/h2><p class=\"post-meta\"><\/p><div class=\"post-content\"><div class=\"post-content-inner\"><\/div><\/div><\/article><article class=\"et_pb_post et_pb_post_id_16130 clearfix et_pb_blog_item_1_4 post-16130 post type-post status-publish format-standard has-post-thumbnail hentry category-polls category-closed-polls tag-poll-closed pmpro-level-required pmpro-level-8 pmpro-level-10 pmpro-no-access\"><a href=\"https:\/\/fibrocanada.ca\/fr\/informal-research-poll-sleep\" class=\"entry-featured-image-url\"><img loading=\"lazy\" decoding=\"async\" src=\"https:\/\/fibrocanada.ca\/wp-content\/uploads\/2024\/12\/FAC-ResearchPollsEN.jpeg\" width=\"851\" height=\"315\" alt=\"Informal Research Poll &#8211; Sleep\" class=\"et_pb_post_main_image\" \/><span data-icon=\"5\" class=\"et_overlay et_pb_inline_icon\"><\/span><\/a><h2 class=\"entry-title\"><a href=\"https:\/\/fibrocanada.ca\/fr\/informal-research-poll-sleep\">Sondage de recherche informel \u2013 Sommeil<\/a><\/h2><p class=\"post-meta\"><\/p><div class=\"post-content\"><div class=\"post-content-inner\"><\/div><\/div><\/article><article class=\"et_pb_post et_pb_post_id_15760 clearfix et_pb_blog_item_1_5 post-15760 post type-post status-publish format-standard has-post-thumbnail hentry category-polls category-closed-polls tag-poll-closed pmpro-level-required pmpro-level-8 pmpro-level-10 pmpro-no-access\"><a href=\"https:\/\/fibrocanada.ca\/fr\/informal-research-poll-symptoms\" class=\"entry-featured-image-url\"><img loading=\"lazy\" decoding=\"async\" src=\"https:\/\/fibrocanada.ca\/wp-content\/uploads\/2024\/12\/FAC-ResearchPollsEN.jpeg\" width=\"851\" height=\"315\" alt=\"Informal Research Poll &#8211; Symptoms\" class=\"et_pb_post_main_image\" \/><span data-icon=\"5\" class=\"et_overlay et_pb_inline_icon\"><\/span><\/a><h2 class=\"entry-title\"><a href=\"https:\/\/fibrocanada.ca\/fr\/informal-research-poll-symptoms\">Informal Research Poll &#8211; Symptoms<\/a><\/h2><p class=\"post-meta\"><\/p><div class=\"post-content\"><div class=\"post-content-inner\"><\/div><\/div><\/article><article class=\"et_pb_post et_pb_post_id_14646 clearfix et_pb_blog_item_1_6 post-14646 post type-post status-publish format-standard has-post-thumbnail hentry category-polls category-closed-polls tag-poll-closed pmpro-level-required pmpro-level-8 pmpro-level-10 pmpro-no-access\"><a href=\"https:\/\/fibrocanada.ca\/fr\/age-poll\" class=\"entry-featured-image-url\"><img loading=\"lazy\" decoding=\"async\" src=\"https:\/\/fibrocanada.ca\/wp-content\/uploads\/2023\/05\/FAC-icon96x106-2.jpg\" width=\"96\" height=\"106\" alt=\"Informal Research Poll &#8211; Age\" class=\"et_pb_post_main_image\" \/><span data-icon=\"5\" class=\"et_overlay et_pb_inline_icon\"><\/span><\/a><h2 class=\"entry-title\"><a href=\"https:\/\/fibrocanada.ca\/fr\/age-poll\">Informal Research Poll &#8211; Age<\/a><\/h2><p class=\"post-meta\"><\/p><div class=\"post-content\"><div class=\"post-content-inner\"><\/div><\/div><\/article><\/div><\/div><\/div>\n<\/div>\n<\/div>\n<\/div>","protected":false},"excerpt":{"rendered":"","protected":false},"author":4,"featured_media":0,"parent":0,"menu_order":0,"comment_status":"closed","ping_status":"closed","template":"","meta":{"_acf_changed":false,"pmpro_default_level":"","footnotes":""},"class_list":["post-15755","page","type-page","status-publish","hentry","pmpro-has-access"],"acf":[],"_links":{"self":[{"href":"https:\/\/fibrocanada.ca\/fr\/wp-json\/wp\/v2\/pages\/15755","targetHints":{"allow":["GET"]}}],"collection":[{"href":"https:\/\/fibrocanada.ca\/fr\/wp-json\/wp\/v2\/pages"}],"about":[{"href":"https:\/\/fibrocanada.ca\/fr\/wp-json\/wp\/v2\/types\/page"}],"author":[{"embeddable":true,"href":"https:\/\/fibrocanada.ca\/fr\/wp-json\/wp\/v2\/users\/4"}],"replies":[{"embeddable":true,"href":"https:\/\/fibrocanada.ca\/fr\/wp-json\/wp\/v2\/comments?post=15755"}],"version-history":[{"count":0,"href":"https:\/\/fibrocanada.ca\/fr\/wp-json\/wp\/v2\/pages\/15755\/revisions"}],"wp:attachment":[{"href":"https:\/\/fibrocanada.ca\/fr\/wp-json\/wp\/v2\/media?parent=15755"}],"curies":[{"name":"wp","href":"https:\/\/api.w.org\/{rel}","templated":true}]}}