{"id":17199,"date":"2025-04-24T10:55:56","date_gmt":"2025-04-24T16:55:56","guid":{"rendered":"https:\/\/fibrocanada.ca\/?page_id=17199"},"modified":"2025-08-18T12:17:42","modified_gmt":"2025-08-18T18:17:42","slug":"fibromyalgia-faqs","status":"publish","type":"page","link":"https:\/\/fibrocanada.ca\/fr\/fibromyalgia-faqs","title":{"rendered":"QFP sur la fibromyalgie"},"content":{"rendered":"<div class=\"et_pb_section_0 et_pb_section et_section_regular et_block_section preset--module--divi-section--qgrduooyc6\">\n<div class=\"et_pb_row_0 et_pb_row et_block_row\">\n<div class=\"et_pb_column_0 et_pb_column et_pb_column_4_4 et-last-child et_block_column et_pb_css_mix_blend_mode_passthrough preset--module--divi-column--default\">\n<div class=\"et_pb_text_0 et_pb_text et_pb_bg_layout_dark et_animated et_pb_module et_flex_module preset--module--divi-text--default\"><div class=\"et_pb_text_inner\"><h1>QFP sur la fibromyalgie<\/h1>\n<\/div><\/div>\n<\/div>\n<\/div>\n\n<div class=\"et_pb_row_1 et_pb_row et_pb_row_5col et_pb_gutters1 et_block_row et_block_row_5col et_animated\">\n<div class=\"et_pb_column_1 et_pb_column et_pb_column_1_5 et_block_column et_pb_column_empty et_pb_css_mix_blend_mode_passthrough preset--module--divi-column--default\"><\/div>\n\n<div class=\"et_pb_column_2 et_pb_column et_pb_column_1_5 et_block_column et_pb_css_mix_blend_mode_passthrough preset--module--divi-column--default\">\n<div class=\"et_pb_text_1 et_pb_text et_pb_bg_layout_dark et_clickable et_pb_module et_flex_module rv_button1 preset--module--divi-text--default\"><div class=\"et_pb_text_inner\"><p>Diagnosis \u21b5<\/p>\n<\/div><\/div>\n<\/div>\n\n<div class=\"et_pb_column_3 et_pb_column et_pb_column_1_5 et_block_column et_pb_css_mix_blend_mode_passthrough preset--module--divi-column--default\">\n<div class=\"et_pb_text_2 et_pb_text et_pb_bg_layout_dark et_clickable et_pb_module et_flex_module rv_button2 preset--module--divi-text--default\"><div class=\"et_pb_text_inner\"><p>Pain \u21b5<\/p>\n<\/div><\/div>\n<\/div>\n\n<div class=\"et_pb_column_4 et_pb_column et_pb_column_1_5 et_block_column et_pb_css_mix_blend_mode_passthrough preset--module--divi-column--default\">\n<div class=\"et_pb_text_3 et_pb_text et_pb_bg_layout_dark et_clickable et_pb_module et_flex_module rv_button3 preset--module--divi-text--default\"><div class=\"et_pb_text_inner\"><p>Flare Ups \u21b5<\/p>\n<\/div><\/div>\n<\/div>\n\n<div class=\"et_pb_column_5 et_pb_column et_pb_column_1_5 et-last-child et_block_column et_pb_css_mix_blend_mode_passthrough preset--module--divi-column--default\">\n<div class=\"et_pb_text_4 et_pb_text et_pb_bg_layout_dark et_clickable et_pb_module et_flex_module rv_button4 preset--module--divi-text--default\"><div class=\"et_pb_text_inner\"><p>Other Q's \u21b5<\/p>\n<\/div><\/div>\n<\/div>\n<\/div>\n<\/div>\n\n<div class=\"et_pb_section_1 et_pb_section et_section_regular et_block_section\" id=\"reveal1\">\n<div class=\"et_pb_row_2 et_pb_row et_block_row\">\n<div class=\"et_pb_column_6 et_pb_column et_pb_column_1_2 et_block_column et_pb_css_mix_blend_mode_passthrough preset--module--divi-column--default\">\n<div class=\"et_pb_text_5 et_pb_text et_pb_bg_layout_light et_pb_module et_flex_module preset--module--divi-text--default\" id=\"atv\"><div class=\"et_pb_text_inner\"><h2>Diagnostic<\/h2>\n<\/div><\/div>\n\n<div class=\"et_pb_divider_0 et_pb_divider et_pb_space et_pb_divider_position_top et_pb_module preset--module--divi-divider--default\"><div class=\"et_pb_divider_internal\"><\/div><\/div>\n\n<div class=\"et_pb_text_6 et_pb_text et_pb_bg_layout_light et_pb_module et_flex_module preset--module--divi-text--default\"><div class=\"et_pb_text_inner\"><p class=\"p1\"><b>R\u00e9ponses aux questions courantes sur le diagnostic de la fibromyalgie<\/b><\/p>\n<\/div><\/div>\n\n<div class=\"et_pb_accordion_0 et_pb_accordion et_pb_module et_block_module preset--module--divi-accordion--default\">\n<div class=\"et_pb_accordion_item_0 et_pb_accordion_item et_pb_toggle et_pb_module et_pb_toggle_open et_flex_module preset--module--divi-accordion-item--default\"><h5 class=\"et_pb_toggle_title\">La fibromyalgie peut-elle vous tuer ?<\/h5><div class=\"et_pb_toggle_content et_flex_module\"><p><strong>La fibromyalgie ne met pas la vie en danger, elle n'est pas mortelle et n'endommage pas les organes ou les tissus. Cependant, la douleur chronique, la fatigue et d'autres sympt\u00f4mes peuvent grandement affecter la qualit\u00e9 de vie si elle n'est pas correctement prise en charge.<\/strong><\/p>\n<\/div><\/div>\n\n<div class=\"et_pb_accordion_item_1 et_pb_accordion_item et_pb_toggle et_pb_module et_pb_toggle_close et_flex_module preset--module--divi-accordion-item--default\"><h5 class=\"et_pb_toggle_title\">Comment la fibromyalgie est diagnostiqu\u00e9e<\/h5><div class=\"et_pb_toggle_content et_flex_module\"><p><b>Votre m\u00e9decin \u00e9tablira votre diagnostic. Il examinera vos ant\u00e9c\u00e9dents m\u00e9dicaux, \u00e9valuera vos sympt\u00f4mes et exclura d'autres affections possibles comme une maladie thyro\u00efdienne, la polyarthrite rhumato\u00efde (PR), la scl\u00e9rose en plaques (SEP) ou l'enc\u00e9phalomy\u00e9lite myalgique (EM). Votre m\u00e9decin devra utiliser les crit\u00e8res diagnostiques 2016 de l'American College of Rheumatology pour \u00e9tablir son diagnostic. <\/b><b><br \/><\/b><a href=\"https:\/\/fibrocanada.ca\/fr\/resources\/fac-library\/fm-diagnostic-criteria-2016\/\"> <b>Voir les crit\u00e8res complets ici \u00bb<\/b><\/a><\/p>\n<\/div><\/div>\n\n<div class=\"et_pb_accordion_item_2 et_pb_accordion_item et_pb_toggle et_pb_module et_pb_toggle_close et_flex_module preset--module--divi-accordion-item--default\"><h5 class=\"et_pb_toggle_title\">La fibromyalgie appara\u00eetra-t-elle sur une IRM ?<\/h5><div class=\"et_pb_toggle_content et_flex_module\"><p><b>Non, la fibromyalgie n'appara\u00eet pas sur une IRM classique. Certains chercheurs ont utilis\u00e9 l'IRM fonctionnelle (IRMf) pour \u00e9tudier la fibromyalgie et ont constat\u00e9 que les personnes atteintes de fibromyalgie ressentent la douleur diff\u00e9remment dans leur cerveau. Cependant, ces changements ne sont pas suffisamment sp\u00e9cifiques \u00e0 la fibromyalgie pour permettre un diagnostic. De plus, l'IRMf est principalement utilis\u00e9e en recherche et n'est pas accessible \u00e0 la plupart des m\u00e9decins dans les \u00e9tablissements de sant\u00e9 classiques.<\/b><\/p>\n<\/div><\/div>\n\n<div class=\"et_pb_accordion_item_3 et_pb_accordion_item et_pb_toggle et_pb_module et_pb_toggle_close et_flex_module preset--module--divi-accordion-item--default\"><h5 class=\"et_pb_toggle_title\">Existe-t-il un test sanguin pour la fibromyalgie ?<\/h5><div class=\"et_pb_toggle_content et_flex_module\"><p><strong>Non, malheureusement, il n'existe pas d'analyse sanguine permettant de diagnostiquer la fibromyalgie. Pour plus d'informations, consultez l'article du comit\u00e9 de recherche de la FAC sur ce sujet. <a href=\"https:\/\/fibrocanada.ca\/fr\/is-there-a-blood-test-for-fibromyalgia\/\">ICI<\/a><\/strong><\/p>\n<\/div><\/div>\n\n<div class=\"et_pb_accordion_item_4 et_pb_accordion_item et_pb_toggle et_pb_module et_pb_toggle_close et_flex_module preset--module--divi-accordion-item--default\"><h5 class=\"et_pb_toggle_title\">Fibromyalgie quel sp\u00e9cialiste ?<\/h5><div class=\"et_pb_toggle_content et_flex_module\"><p><b>Il n'existe pas de sp\u00e9cialiste de la fibromyalgie. Votre m\u00e9decin de famille joue un r\u00f4le essentiel en \u00e9tablissant un diagnostic et en vous accompagnant dans le traitement et la gestion des sympt\u00f4mes de la fibromyalgie. Il ne vous orientera vers d'autres sp\u00e9cialistes qu'en cas de besoin pour d'autres affections concomitantes comme le syndrome de Turner-Oswald-Poltowitz.<\/b><\/p>\n<\/div><\/div>\n\n<div class=\"et_pb_accordion_item_5 et_pb_accordion_item et_pb_toggle et_pb_module et_pb_toggle_close et_flex_module preset--module--divi-accordion-item--default\"><h5 class=\"et_pb_toggle_title\">Qui diagnostique la fibromyalgie ?<\/h5><div class=\"et_pb_toggle_content et_flex_module\"><p><b>Votre m\u00e9decin de famille peut diagnostiquer et traiter votre fibromyalgie. Bien que la fibromyalgie ne soit pas un diagnostic d'exclusion, votre m\u00e9decin examinera vos ant\u00e9c\u00e9dents m\u00e9dicaux, \u00e9valuera vos sympt\u00f4mes et exclura d'autres affections possibles comme une maladie thyro\u00efdienne, la polyarthrite rhumato\u00efde (PR), la scl\u00e9rose en plaques (SEP) ou l'enc\u00e9phalomy\u00e9lite myalgique (EM). Votre m\u00e9decin doit utiliser les crit\u00e8res diagnostiques 2016 de l'American College of Rheumatology pour \u00e9tablir son diagnostic.<\/b><b><br \/>\n<\/b><a href=\"https:\/\/fibrocanada.ca\/fr\/resources\/fac-library\/fm-diagnostic-criteria-2016\/\" target=\"_blank\" rel=\"noopener\"><b>Voir les crit\u00e8res complets ici \u00bb<\/b><\/a><\/p>\n<\/div><\/div>\n<\/div>\n<\/div>\n\n<div class=\"et_pb_column_7 et_pb_column et_pb_column_1_2 et-last-child et_block_column et_pb_css_mix_blend_mode_passthrough preset--module--divi-column--default\">\n<div class=\"et_pb_image_0 et_pb_image et_pb_module et_flex_module\"><span class=\"et_pb_image_wrap\"><img loading=\"lazy\" decoding=\"async\" src=\"https:\/\/fibrocanada.ca\/wp-content\/uploads\/2025\/08\/Diagnosis-FAQ.webp\" title=\"Diagnosis FAQ\" width=\"300\" height=\"250\" sizes=\"(max-width: 300px) 100vw, 300px\" class=\"wp-image-17511\" \/><\/span><\/div>\n<\/div>\n<\/div>\n<\/div>\n\n<div class=\"et_pb_section_2 et_pb_section et_section_regular et_block_section\" id=\"reveal2\">\n<div class=\"et_pb_row_3 et_pb_row et_block_row\">\n<div class=\"et_pb_column_8 et_pb_column et_pb_column_1_2 et_block_column et_pb_css_mix_blend_mode_passthrough preset--module--divi-column--default\">\n<div class=\"et_pb_text_7 et_pb_text et_pb_bg_layout_light et_pb_module et_flex_module reveal2 preset--module--divi-text--default\" id=\"paint\"><div class=\"et_pb_text_inner\"><h2>Douleur<\/h2>\n<\/div><\/div>\n\n<div class=\"et_pb_divider_1 et_pb_divider et_pb_space et_pb_divider_position_top et_pb_module preset--module--divi-divider--default\"><div class=\"et_pb_divider_internal\"><\/div><\/div>\n\n<div class=\"et_pb_text_8 et_pb_text et_pb_bg_layout_light et_pb_module et_flex_module preset--module--divi-text--default\"><div class=\"et_pb_text_inner\"><p class=\"p1\"><strong>R\u00e9ponses aux questions courantes sur la douleur li\u00e9e \u00e0 la fibromyalgie<\/strong><\/p>\n<\/div><\/div>\n\n<div class=\"et_pb_accordion_1 et_pb_accordion et_pb_module et_block_module preset--module--divi-accordion--default\">\n<div class=\"et_pb_accordion_item_6 et_pb_accordion_item et_pb_toggle et_pb_module et_pb_toggle_open et_flex_module preset--module--divi-accordion-item--default\"><h5 class=\"et_pb_toggle_title\">\u00c0 quoi ressemble la fibromyalgie\u00a0?<\/h5><div class=\"et_pb_toggle_content et_flex_module\"><p>La fibromyalgie est<span> douleur chronique g\u00e9n\u00e9ralis\u00e9e, d\u00e9crite comme une douleur douloureuse, br\u00fblante ou lancinante. <span style=\"font-weight: 400;\">De nombreuses personnes ressentent \u00e9galement <\/span><b>fatigue intense<\/b><span style=\"font-weight: 400;\">, <\/span><b>troubles du sommeil<\/b><span style=\"font-weight: 400;\">, et <\/span><b>brouillard c\u00e9r\u00e9bral<\/b><span style=\"font-weight: 400;\"> qui rendent les activit\u00e9s quotidiennes difficiles. Les sympt\u00f4mes peuvent varier en intensit\u00e9 et apparaissent et disparaissent souvent par pouss\u00e9es.<\/span><\/span><\/p>\n<\/div><\/div>\n\n<div class=\"et_pb_accordion_item_7 et_pb_accordion_item et_pb_toggle et_pb_module et_pb_toggle_close et_flex_module preset--module--divi-accordion-item--default\"><h5 class=\"et_pb_toggle_title\">Quelle est la douleur par rapport \u00e0 la polyarthrite rhumato\u00efde\u00a0?<\/h5><div class=\"et_pb_toggle_content et_flex_module\"><p>La douleur caus\u00e9e par la fibromyalgie est plus r\u00e9pandue, tandis que la douleur caus\u00e9e par la polyarthrite rhumato\u00efde est concentr\u00e9e sur les mains, les poignets, les genoux et la plante des pieds.<\/p>\n<\/div><\/div>\n\n<div class=\"et_pb_accordion_item_8 et_pb_accordion_item et_pb_toggle et_pb_module et_pb_toggle_close et_flex_module preset--module--divi-accordion-item--default\"><h5 class=\"et_pb_toggle_title\">L\u00e0 o\u00f9 la fibromyalgie fait mal<\/h5><div class=\"et_pb_toggle_content et_flex_module\"><p><span>La douleur li\u00e9e \u00e0 la fibromyalgie est r\u00e9pandue et affecte plusieurs zones du corps, y compris le\u00a0<\/span><b>cou<\/b><span>,\u00a0<\/span><b>, dos<\/b><span>,\u00a0<\/span><b>, les hanches<\/b><span>,\u00a0<\/span><b>, \u00e9paules<\/b><span>,\u00a0<\/span><b>, bras<\/b><span>, et\u00a0<\/span><b>jambes<\/b><span>. Elle peut appara\u00eetre des deux c\u00f4t\u00e9s du corps, au-dessus et en dessous de la taille. Dans certains cas, elle peut \u00e9galement affecter le\u00a0<\/span><b>jaw<\/b><span>,\u00a0<\/span><b>chest<\/b><span>, or\u00a0<\/span><b>abdomen<\/b><span>.<\/span><\/p>\n<\/div><\/div>\n\n<div class=\"et_pb_accordion_item_9 et_pb_accordion_item et_pb_toggle et_pb_module et_pb_toggle_close et_flex_module preset--module--divi-accordion-item--default\"><h5 class=\"et_pb_toggle_title\">Comment la fibromyalgie affecte-t-elle le cerveau ?<\/h5><div class=\"et_pb_toggle_content et_flex_module\"><p><span>La fibromyalgie affecte le cerveau en<\/span>\u00a0affectant votre cerveau traite les signaux de douleur. Ceci <span>entra\u00eener une sensibilit\u00e9 accrue \u00e0 la douleur et <\/span>fibro-brouillard.<\/p>\n<\/div><\/div>\n\n<div class=\"et_pb_accordion_item_10 et_pb_accordion_item et_pb_toggle et_pb_module et_pb_toggle_close et_flex_module preset--module--divi-accordion-item--default\"><h5 class=\"et_pb_toggle_title\">Comment la fibromyalgie affecte-t-elle le corps ?<\/h5><div class=\"et_pb_toggle_content et_flex_module\"><p>La fibromyalgie affecte le corps en provoquant des douleurs dans les muscles et les tissus mous de tout le corps.<\/p>\n<\/div><\/div>\n<\/div>\n<\/div>\n\n<div class=\"et_pb_column_9 et_pb_column et_pb_column_1_2 et-last-child et_block_column et_pb_css_mix_blend_mode_passthrough preset--module--divi-column--default\">\n<div class=\"et_pb_image_1 et_pb_image et_pb_module et_flex_module\"><span class=\"et_pb_image_wrap\"><img loading=\"lazy\" decoding=\"async\" src=\"https:\/\/fibrocanada.ca\/wp-content\/uploads\/2025\/08\/fibromyalgia-faqs-Pain.png\" title=\"PainFAQ\" width=\"600\" height=\"500\" sizes=\"(min-width: 0px) and (max-width: 480px) 480px, (min-width: 481px) 650px, 100vw\" class=\"wp-image-17515\" \/><\/span><\/div>\n<\/div>\n<\/div>\n<\/div>\n\n<div class=\"et_pb_section_3 et_pb_section et_section_regular et_block_section\" id=\"reveal3\">\n<div class=\"et_pb_row_4 et_pb_row et_block_row\">\n<div class=\"et_pb_column_10 et_pb_column et_pb_column_1_2 et_block_column et_pb_css_mix_blend_mode_passthrough preset--module--divi-column--default\">\n<div class=\"et_pb_text_9 et_pb_text et_pb_bg_layout_light et_pb_module et_flex_module preset--module--divi-text--default\" id=\"atv\"><div class=\"et_pb_text_inner\"><h2 class=\"p1\">Flare Ups<\/h2>\n<\/div><\/div>\n\n<div class=\"et_pb_divider_2 et_pb_divider et_pb_space et_pb_divider_position_top et_pb_module preset--module--divi-divider--default\"><div class=\"et_pb_divider_internal\"><\/div><\/div>\n\n<div class=\"et_pb_text_10 et_pb_text et_pb_bg_layout_light et_pb_module et_flex_module preset--module--divi-text--default\"><div class=\"et_pb_text_inner\"><p class=\"p1\"><strong>R\u00e9ponses aux questions courantes sur la gestion des pouss\u00e9es de fibromyalgie<\/strong><\/p>\n<\/div><\/div>\n\n<div class=\"et_pb_accordion_2 et_pb_accordion et_pb_module et_block_module preset--module--divi-accordion--default\">\n<div class=\"et_pb_accordion_item_11 et_pb_accordion_item et_pb_toggle et_pb_module et_pb_toggle_open et_flex_module preset--module--divi-accordion-item--default\"><h5 class=\"et_pb_toggle_title\">Lorsque la fibromyalgie \u00e9clate<\/h5><div class=\"et_pb_toggle_content et_flex_module\"><p><b>Les pouss\u00e9es de fibromyalgie peuvent survenir soudainement et sont souvent d\u00e9clench\u00e9es par le stress, le surmenage, un manque de sommeil, les changements climatiques ou la maladie. Lors d'une pouss\u00e9e, les sympt\u00f4mes comme la douleur, la fatigue et le brouillard c\u00e9r\u00e9bral s'intensifient et peuvent durer des jours, voire des semaines. Pour des conseils sur la conduite \u00e0 tenir en cas de pouss\u00e9e, <a href=\"https:\/\/fibrocanada.ca\/fr\/fibro-flare-kit\/\">ici<\/a>.<\/b><\/p>\n<\/div><\/div>\n<\/div>\n<\/div>\n\n<div class=\"et_pb_column_11 et_pb_column et_pb_column_1_2 et-last-child et_block_column et_pb_css_mix_blend_mode_passthrough preset--module--divi-column--default\">\n<div class=\"et_pb_image_2 et_pb_image et_pb_module et_flex_module\"><span class=\"et_pb_image_wrap\"><img loading=\"lazy\" decoding=\"async\" src=\"https:\/\/fibrocanada.ca\/wp-content\/uploads\/2025\/08\/fibromyalgia-faqs-Flare-ups.png\" title=\"FlareUPFAQ\" width=\"600\" height=\"500\" sizes=\"(min-width: 0px) and (max-width: 480px) 480px, (min-width: 481px) 650px, 100vw\" class=\"wp-image-17517\" \/><\/span><\/div>\n<\/div>\n<\/div>\n<\/div>\n\n<div class=\"et_pb_section_4 et_pb_section et_section_regular et_block_section\" id=\"reveal4\">\n<div class=\"et_pb_row_5 et_pb_row et_block_row\">\n<div class=\"et_pb_column_12 et_pb_column et_pb_column_1_2 et_block_column et_pb_css_mix_blend_mode_passthrough preset--module--divi-column--default\">\n<div class=\"et_pb_text_11 et_pb_text et_pb_bg_layout_light et_pb_module et_flex_module reveal3 preset--module--divi-text--default\" id=\"archery\"><div class=\"et_pb_text_inner\"><h2 class=\"p1\"><b>Autres questions courantes<\/b><\/h2>\n<\/div><\/div>\n\n<div class=\"et_pb_divider_3 et_pb_divider et_pb_space et_pb_divider_position_top et_pb_module preset--module--divi-divider--default\"><div class=\"et_pb_divider_internal\"><\/div><\/div>\n\n<div class=\"et_pb_text_12 et_pb_text et_pb_bg_layout_light et_pb_module et_flex_module preset--module--divi-text--default\"><div class=\"et_pb_text_inner\"><p class=\"p1\"><strong>R\u00e9ponses \u00e0 d'autres questions fr\u00e9quemment pos\u00e9es sur la fibromyalgie<\/strong><\/p>\n<\/div><\/div>\n\n<div class=\"et_pb_accordion_3 et_pb_accordion et_pb_module et_block_module preset--module--divi-accordion--default\">\n<div class=\"et_pb_accordion_item_12 et_pb_accordion_item et_pb_toggle et_pb_module et_pb_toggle_open et_flex_module preset--module--divi-accordion-item--default\"><h5 class=\"et_pb_toggle_title\">Pourquoi la fibromyalgie survient-elle ?<\/h5><div class=\"et_pb_toggle_content et_flex_module\"><p><span>\u200b<\/span><span>La cause exacte de la fibromyalgie est inconnue, mais des recherches r\u00e9centes sugg\u00e8rent qu'il s'agit d'une maladie chronique impliquant des modifications de la fa\u00e7on dont le cerveau et le syst\u00e8me nerveux traitent les signaux de douleur, potentiellement dues \u00e0 des d\u00e9s\u00e9quilibres neurochimiques ou \u00e0 une neuroinflammation, plut\u00f4t qu'\u00e0 une l\u00e9sion nerveuse elle-m\u00eame. Des facteurs g\u00e9n\u00e9tiques, le stress, des infections ou des traumatismes physiques peuvent \u00e9galement jouer un r\u00f4le dans le d\u00e9clenchement ou l'aggravation de la maladie.<\/span><\/p>\n<\/div><\/div>\n\n<div class=\"et_pb_accordion_item_13 et_pb_accordion_item et_pb_toggle et_pb_module et_pb_toggle_close et_flex_module preset--module--divi-accordion-item--default\"><h5 class=\"et_pb_toggle_title\">La fibromyalgie peut-elle dispara\u00eetre ?<\/h5><div class=\"et_pb_toggle_content et_flex_module\"><p><span>La fibromyalgie est une maladie chronique. Bien que les sympt\u00f4mes puissent s'am\u00e9liorer avec le temps gr\u00e2ce \u00e0 une prise en charge ad\u00e9quate, elle ne dispara\u00eet pas compl\u00e8tement. Certaines personnes connaissent des p\u00e9riodes de r\u00e9mission ou une r\u00e9duction des sympt\u00f4mes, mais des pouss\u00e9es peuvent survenir. Prendre soin de soi et se soutenir r\u00e9guli\u00e8rement sont essentiels pour maintenir une bonne qualit\u00e9 de vie.<\/span><\/p>\n<\/div><\/div>\n\n<div class=\"et_pb_accordion_item_14 et_pb_accordion_item et_pb_toggle et_pb_module et_pb_toggle_close et_flex_module preset--module--divi-accordion-item--default\"><h5 class=\"et_pb_toggle_title\">La fibromyalgie peut-elle \u00eatre gu\u00e9rie ?<\/h5><div class=\"et_pb_toggle_content et_flex_module\"><p><span>La fibromyalgie est une maladie chronique. Bien que les sympt\u00f4mes puissent s'am\u00e9liorer avec le temps gr\u00e2ce \u00e0 une prise en charge ad\u00e9quate, elle ne dispara\u00eet pas compl\u00e8tement. Certaines personnes connaissent des p\u00e9riodes de r\u00e9mission ou une r\u00e9duction des sympt\u00f4mes, mais des pouss\u00e9es peuvent survenir. Prendre soin de soi et se soutenir r\u00e9guli\u00e8rement sont essentiels pour maintenir une bonne qualit\u00e9 de vie.<\/span><\/p>\n<\/div><\/div>\n\n<div class=\"et_pb_accordion_item_15 et_pb_accordion_item et_pb_toggle et_pb_module et_pb_toggle_close et_flex_module preset--module--divi-accordion-item--default\"><h5 class=\"et_pb_toggle_title\">\u00c0 quoi ressemble la fibromyalgie\u00a0?<\/h5><div class=\"et_pb_toggle_content et_flex_module\"><p><span>La fibromyalgie est une maladie invisible qui n\u2019a aucun effet visible sur les autres.<\/span><\/p>\n<\/div><\/div>\n\n<div class=\"et_pb_accordion_item_16 et_pb_accordion_item et_pb_toggle et_pb_module et_pb_toggle_close et_flex_module preset--module--divi-accordion-item--default\"><h5 class=\"et_pb_toggle_title\">La fibromyalgie et le POTS sont-ils li\u00e9s ?<\/h5><div class=\"et_pb_toggle_content et_flex_module\"><p><span>Oui, la fibromyalgie et le syndrome de tachycardie orthostatique posturale (POTS) sont souvent li\u00e9s. Ces deux maladies chroniques se chevauchent souvent et partagent des sympt\u00f4mes comme une fatigue extr\u00eame, un brouillard c\u00e9r\u00e9bral et des douleurs.<\/span><\/p>\n<\/div><\/div>\n<\/div>\n<\/div>\n\n<div class=\"et_pb_column_13 et_pb_column et_pb_column_1_2 et-last-child et_block_column et_pb_css_mix_blend_mode_passthrough preset--module--divi-column--default\">\n<div class=\"et_pb_image_3 et_pb_image et_pb_module et_flex_module\"><span class=\"et_pb_image_wrap\"><img loading=\"lazy\" decoding=\"async\" src=\"https:\/\/fibrocanada.ca\/wp-content\/uploads\/2025\/08\/Other-FAQ.png\" title=\"OtherFAQs\" width=\"600\" height=\"500\" sizes=\"(min-width: 0px) and (max-width: 480px) 480px, (min-width: 481px) 650px, 100vw\" class=\"wp-image-17523\" \/><\/span><\/div>\n<\/div>\n<\/div>\n<\/div>","protected":false},"excerpt":{"rendered":"<p>Un diagnostic de fibromyalgie peut susciter de nombreuses questions. Trouvez ici les r\u00e9ponses aux questions fr\u00e9quemment pos\u00e9es.<\/p>","protected":false},"author":1,"featured_media":21302,"parent":0,"menu_order":0,"comment_status":"closed","ping_status":"closed","template":"","meta":{"_acf_changed":false,"pmpro_default_level":"","footnotes":""},"class_list":["post-17199","page","type-page","status-publish","has-post-thumbnail","hentry","pmpro-has-access"],"acf":[],"_links":{"self":[{"href":"https:\/\/fibrocanada.ca\/fr\/wp-json\/wp\/v2\/pages\/17199","targetHints":{"allow":["GET"]}}],"collection":[{"href":"https:\/\/fibrocanada.ca\/fr\/wp-json\/wp\/v2\/pages"}],"about":[{"href":"https:\/\/fibrocanada.ca\/fr\/wp-json\/wp\/v2\/types\/page"}],"author":[{"embeddable":true,"href":"https:\/\/fibrocanada.ca\/fr\/wp-json\/wp\/v2\/users\/1"}],"replies":[{"embeddable":true,"href":"https:\/\/fibrocanada.ca\/fr\/wp-json\/wp\/v2\/comments?post=17199"}],"version-history":[{"count":0,"href":"https:\/\/fibrocanada.ca\/fr\/wp-json\/wp\/v2\/pages\/17199\/revisions"}],"wp:featuredmedia":[{"embeddable":true,"href":"https:\/\/fibrocanada.ca\/fr\/wp-json\/wp\/v2\/media\/21302"}],"wp:attachment":[{"href":"https:\/\/fibrocanada.ca\/fr\/wp-json\/wp\/v2\/media?parent=17199"}],"curies":[{"name":"wp","href":"https:\/\/api.w.org\/{rel}","templated":true}]}}