{"id":18646,"date":"2025-06-19T08:26:51","date_gmt":"2025-06-19T14:26:51","guid":{"rendered":"https:\/\/fibrocanada.ca\/?page_id=18646"},"modified":"2026-02-05T15:05:03","modified_gmt":"2026-02-05T20:05:03","slug":"illumination-campaigns","status":"publish","type":"page","link":"https:\/\/fibrocanada.ca\/fr\/illumination-campaigns","title":{"rendered":"Campagnes d'\u00e9clairage"},"content":{"rendered":"<div class=\"et_pb_section_0 et_pb_section et_section_regular et_block_section\">\n<div class=\"et_pb_row_0 et_pb_row et_block_row\">\n<div class=\"et_pb_column_0 et_pb_column et_pb_column_4_4 et-last-child et_block_column et_pb_css_mix_blend_mode_passthrough preset--module--divi-column--default\">\n<div class=\"et_pb_text_0 et_pb_text et_pb_bg_layout_light et_pb_module et_flex_module preset--module--divi-text--default\"><div class=\"et_pb_text_inner\"><p><h1>Campagnes d'\u00e9clairage<\/h1><\/p>\n<\/div><\/div>\n\n<div class=\"et_pb_image_0 et_pb_image et_pb_module et_flex_module\"><span class=\"et_pb_image_wrap\"><img loading=\"lazy\" decoding=\"async\" src=\"https:\/\/fibrocanada.ca\/wp-content\/uploads\/2025\/06\/Illumination-Page-Header-EN.png\" alt=\"Illumination Campaigns\" title=\"Illumination Page Header (EN)\" width=\"1920\" height=\"200\" srcset=\"https:\/\/fibrocanada.ca\/wp-content\/uploads\/2025\/06\/Illumination-Page-Header-EN.png 1920w, https:\/\/fibrocanada.ca\/wp-content\/uploads\/2025\/06\/Illumination-Page-Header-EN-1280x133.png 1280w, https:\/\/fibrocanada.ca\/wp-content\/uploads\/2025\/06\/Illumination-Page-Header-EN-980x102.png 980w, https:\/\/fibrocanada.ca\/wp-content\/uploads\/2025\/06\/Illumination-Page-Header-EN-480x50.png 480w\" sizes=\"(min-width: 0px) and (max-width: 480px) 480px, (min-width: 481px) and (max-width: 980px) 980px, (min-width: 981px) and (max-width: 1280px) 1280px, (min-width: 1281px) 1920px, 100vw\" class=\"wp-image-18764\" \/><\/span><\/div>\n<\/div>\n<\/div>\n\n<div class=\"et_pb_row_1 et_pb_row et_block_row\">\n<div class=\"et_pb_column_1 et_pb_column et_pb_column_4_4 et-last-child et_block_column et_pb_css_mix_blend_mode_passthrough preset--module--divi-column--default\">\n<div class=\"et_pb_text_1 et_pb_text et_pb_bg_layout_light et_pb_module et_flex_module preset--module--divi-text--default\"><div class=\"et_pb_text_inner\"><p><span>Depuis trois ans, en l'honneur de\u00a0<\/span><span style=\"color: #6a0dad;\"><b>la Journ\u00e9e internationale de sensibilisation \u00e0 la fibromyalgie<\/b><\/span><span>,\u00a0<\/span><b>l'Association de la Fibromyalgie du Canada (l'AFC)<\/b><span>\u00a0a \u00e9t\u00e9 ravi de reconna\u00eetre les municipalit\u00e9s qui ont illumin\u00e9 leurs b\u00e2timents et\/ou monuments\u00a0<\/span><span style=\"color: #6a0dad;\"><b>VIOLET<\/b><\/span><span>\u00a0sur ou autour de\u00a0<\/span><span style=\"color: #6a0dad;\"><b>12 mai<\/b><\/span><span>. L'AFC exprime sa sinc\u00e8re gratitude \u00e0 toutes les municipalit\u00e9s pour leur soutien \u00e0 la sensibilisation \u00e0 la fibromyalgie.<\/span><\/p>\n<\/div><\/div>\n<\/div>\n<\/div>\n\n<div class=\"et_pb_row_2 et_pb_row et_pb_gutters2 et_block_row\">\n<div class=\"et_pb_column_2 et_pb_column et_pb_column_4_4 et-last-child et_block_column et_pb_css_mix_blend_mode_passthrough preset--module--divi-column--default\">\n<div class=\"et_pb_blog_0 et_pb_blog et_pb_bg_layout_light et_pb_posts et_pb_module et_blog_grid_equal_height preset--module--divi-blog--default\"><div class=\"et_pb_ajax_pagination_container\"><div class=\"et_pb_posts et_flex_module\"><article class=\"et_pb_post et_pb_post_id_17880 clearfix et_pb_blog_item_0_0 post-17880 post type-post status-publish format-standard has-post-thumbnail hentry category-awareness-month category-illumination-campaign pmpro-has-access\"><a href=\"https:\/\/fibrocanada.ca\/fr\/illumination-2025\" class=\"entry-featured-image-url\"><img loading=\"lazy\" decoding=\"async\" src=\"https:\/\/fibrocanada.ca\/wp-content\/uploads\/2025\/05\/2025-60.png\" width=\"1080\" height=\"1080\" alt=\"In honour of the 33rd Anniversary of the International Fibromyalgia Awareness Day, Fibromyalgia Association Canada (FAC) is pleased to announce that the following buildings and landmarks will light up PURPLE on or about May 12, 2025 in honour of Fibromyalgia Awareness Day for our Illumination 2025 Campaign.\" class=\"et_pb_post_main_image\" \/><span data-icon=\"5\" class=\"et_overlay et_pb_inline_icon\"><\/span><\/a><h2 class=\"entry-title\"><a href=\"https:\/\/fibrocanada.ca\/fr\/illumination-2025\">Illumination 2025<\/a><\/h2><p class=\"post-meta\"><\/p><div class=\"post-content\"><div class=\"post-content-inner\"><p>Illuminons la fibromyalgie \u2013 Le 12 mai est la Journ\u00e9e de sensibilisation \u00e0 la fibromyalgie. Aidez-nous \u00e0 illuminer la fibromyalgie lors de notre campagne Illumination 2025 qui se d\u00e9roulera tout au long du mois de mai.<\/p>\n<\/div><\/div><\/article><article class=\"et_pb_post et_pb_post_id_12060 clearfix et_pb_blog_item_0_1 post-12060 post type-post status-publish format-standard has-post-thumbnail hentry category-awareness-month category-illumination-campaign pmpro-has-access\"><a href=\"https:\/\/fibrocanada.ca\/fr\/illumination-2024\" class=\"entry-featured-image-url\"><img loading=\"lazy\" decoding=\"async\" src=\"https:\/\/fibrocanada.ca\/wp-content\/uploads\/2024\/04\/2024.png\" width=\"1080\" height=\"1080\" alt=\"Illumination campaign 2024\" class=\"et_pb_post_main_image\" \/><span data-icon=\"5\" class=\"et_overlay et_pb_inline_icon\"><\/span><\/a><h2 class=\"entry-title\"><a href=\"https:\/\/fibrocanada.ca\/fr\/illumination-2024\">Campagne d\u2019illumination 2024<\/a><\/h2><p class=\"post-meta\"><\/p><div class=\"post-content\"><div class=\"post-content-inner\"><p>En l'honneur du 32e anniversaire de la Journ\u00e9e internationale de sensibilisation \u00e0 la fibromyalgie, l'Association canadienne de la fibromyalgie (ACF) est heureuse d'annoncer que les b\u00e2timents et monuments suivants s'illumineront en VIOLET le ou vers le 12 mai 2024 en l'honneur de la Journ\u00e9e internationale de sensibilisation \u00e0 la fibromyalgie.<\/p>\n<\/div><\/div><\/article><article class=\"et_pb_post et_pb_post_id_8180 clearfix et_pb_blog_item_0_2 post-8180 post type-post status-publish format-standard has-post-thumbnail hentry category-awareness-month category-illumination-campaign pmpro-has-access\"><a href=\"https:\/\/fibrocanada.ca\/fr\/illumination-2023\" class=\"entry-featured-image-url\"><img loading=\"lazy\" decoding=\"async\" src=\"https:\/\/fibrocanada.ca\/wp-content\/uploads\/2023\/04\/2023.png\" width=\"1080\" height=\"1080\" alt=\"Illumination Campaign 2023 aims to have locations light in purple for fibromyalgia awareness\" class=\"et_pb_post_main_image\" \/><span data-icon=\"5\" class=\"et_overlay et_pb_inline_icon\"><\/span><\/a><h2 class=\"entry-title\"><a href=\"https:\/\/fibrocanada.ca\/fr\/illumination-2023\">Campagne d\u2019illumination 2023<\/a><\/h2><p class=\"post-meta\"><\/p><div class=\"post-content\"><div class=\"post-content-inner\"><p>Chaque ann\u00e9e, notre campagne Illumination s'associe \u00e0 des lieux illumin\u00e9s en violet pour sensibiliser \u00e0 la fibromyalgie. D\u00e9couvrez les sites de la campagne Illumination 2023.<\/p>\n<\/div><\/div><\/article><article class=\"et_pb_post et_pb_post_id_3281 clearfix et_pb_blog_item_0_3 post-3281 post type-post status-publish format-standard has-post-thumbnail hentry category-awareness-month category-illumination-campaign pmpro-has-access\"><a href=\"https:\/\/fibrocanada.ca\/fr\/illumination-2022\" class=\"entry-featured-image-url\"><img loading=\"lazy\" decoding=\"async\" src=\"https:\/\/fibrocanada.ca\/wp-content\/uploads\/2022\/02\/2022.png\" width=\"1080\" height=\"1080\" alt=\"illumination campaign butterfly on a bokeh dark coloured background\" class=\"et_pb_post_main_image\" \/><span data-icon=\"5\" class=\"et_overlay et_pb_inline_icon\"><\/span><\/a><h2 class=\"entry-title\"><a href=\"https:\/\/fibrocanada.ca\/fr\/illumination-2022\">Campagne d\u2019illumination 2022<\/a><\/h2><p class=\"post-meta\"><\/p><div class=\"post-content\"><div class=\"post-content-inner\"><p>La campagne Illumination 2022 a illumin\u00e9 des monuments partout au Canada en violet pour mettre en lumi\u00e8re la fibromyalgie et ceux qui la vivent au quotidien. Ce message visuel puissant a sensibilis\u00e9, suscit\u00e9 la conversation et rappel\u00e9 aux personnes touch\u00e9es qu'elles \u00e9taient prises en compte et soutenues\u2026<\/p>\n<\/div><\/div><\/article><\/div><\/div><\/div>\n<\/div>\n<\/div>\n<\/div>","protected":false},"excerpt":{"rendered":"<p>For the past three 3 years, in honour of International Fibromyalgia Awareness Day, Fibromyalgia Association Canada (FAC) has been delighted to acknowledge the municipalities that illuminated their buildings and\/or landmarks PURPLE on or around May 12th. FAC extends its heartfelt appreciation to all municipalities for their support in raise awareness for fibromyalgia.<\/p>","protected":false},"author":1,"featured_media":18764,"parent":0,"menu_order":0,"comment_status":"closed","ping_status":"closed","template":"","meta":{"_acf_changed":false,"pmpro_default_level":"","footnotes":""},"class_list":["post-18646","page","type-page","status-publish","has-post-thumbnail","hentry","pmpro-has-access"],"acf":[],"_links":{"self":[{"href":"https:\/\/fibrocanada.ca\/fr\/wp-json\/wp\/v2\/pages\/18646","targetHints":{"allow":["GET"]}}],"collection":[{"href":"https:\/\/fibrocanada.ca\/fr\/wp-json\/wp\/v2\/pages"}],"about":[{"href":"https:\/\/fibrocanada.ca\/fr\/wp-json\/wp\/v2\/types\/page"}],"author":[{"embeddable":true,"href":"https:\/\/fibrocanada.ca\/fr\/wp-json\/wp\/v2\/users\/1"}],"replies":[{"embeddable":true,"href":"https:\/\/fibrocanada.ca\/fr\/wp-json\/wp\/v2\/comments?post=18646"}],"version-history":[{"count":0,"href":"https:\/\/fibrocanada.ca\/fr\/wp-json\/wp\/v2\/pages\/18646\/revisions"}],"wp:featuredmedia":[{"embeddable":true,"href":"https:\/\/fibrocanada.ca\/fr\/wp-json\/wp\/v2\/media\/18764"}],"wp:attachment":[{"href":"https:\/\/fibrocanada.ca\/fr\/wp-json\/wp\/v2\/media?parent=18646"}],"curies":[{"name":"wp","href":"https:\/\/api.w.org\/{rel}","templated":true}]}}