{"id":18955,"date":"2025-06-25T09:11:50","date_gmt":"2025-06-25T15:11:50","guid":{"rendered":"https:\/\/fibrocanada.ca\/?page_id=18955"},"modified":"2026-01-13T09:28:21","modified_gmt":"2026-01-13T14:28:21","slug":"research-highlights","status":"publish","type":"page","link":"https:\/\/fibrocanada.ca\/fr\/research-highlights","title":{"rendered":"Faits saillants de la recherche"},"content":{"rendered":"<div class=\"et_pb_section_0 et_pb_section et_section_regular et_flex_section\">\n<div class=\"et_pb_row_0 et_pb_row et_flex_row\">\n<div class=\"et_pb_column_0 et_pb_column et_block_column et_pb_css_mix_blend_mode_passthrough et_flex_column_12_24 et_flex_column_12_24_tablet et_flex_column_24_24_phone et_flex_column_12_24_tabletWide et_flex_column_12_24_widescreen et_flex_column_12_24_ultraWide preset--module--divi-column--default\">\n<div class=\"et_pb_text_0 et_pb_text et_pb_bg_layout_light et_pb_module et_flex_module preset--module--divi-text--default\"><div class=\"et_pb_text_inner\"><p>Le cycle de la recherche<\/p>\n<p>Le cycle de recherche est un processus continu et non lin\u00e9aire qui commence par l\u2019identification d\u2019un probl\u00e8me ou d\u2019une question et passe par des \u00e9tapes telles que l\u2019enqu\u00eate, l\u2019analyse et le partage des r\u00e9sultats.<\/p>\n<p>Research about fibromyalgia must include people who live with fibromyalgia.<\/p>\n<p>When lived experience is part of the research team, studies are more relevant, respectful & impactful.<\/p>\n<\/div><\/div>\n<\/div>\n\n<div class=\"et_pb_column_1 et_pb_column et-last-child et_block_column et_pb_css_mix_blend_mode_passthrough et_flex_column_12_24 et_flex_column_12_24_tablet et_flex_column_24_24_phone et_flex_column_12_24_tabletWide et_flex_column_12_24_widescreen et_flex_column_12_24_ultraWide preset--module--divi-column--default\">\n<div class=\"et_pb_image_0 et_pb_image et_pb_module et_flex_module\"><span class=\"et_pb_image_wrap\"><img loading=\"lazy\" decoding=\"async\" src=\"https:\/\/fibrocanada.ca\/wp-content\/uploads\/2025\/08\/research-highlightsFRENCH.png\" alt=\"Research Highlights\" title=\"research-highlights(ENGLISH)\" width=\"650\" height=\"650\" srcset=\"https:\/\/fibrocanada.ca\/wp-content\/uploads\/2025\/08\/research-highlightsFRENCH.png 650w, https:\/\/fibrocanada.ca\/wp-content\/uploads\/2025\/08\/research-highlightsFRENCH-480x480.png 480w\" sizes=\"(min-width: 0px) and (max-width: 480px) 480px, (min-width: 481px) 650px, 100vw\" class=\"wp-image-20918\" \/><\/span><\/div>\n<\/div>\n<\/div>\n<\/div>\n\n<div class=\"et_pb_section_1 et_pb_section et_section_regular et_flex_section\">\n<div class=\"et_pb_row_1 et_pb_row et_flex_row\">\n<div class=\"et_pb_column_2 et_pb_column et-last-child et_block_column et_pb_css_mix_blend_mode_passthrough et_flex_column_24_24 et_flex_column_24_24_tablet et_flex_column_24_24_phone et_flex_column_24_24_tabletWide et_flex_column_24_24_widescreen et_flex_column_24_24_ultraWide preset--module--divi-column--default\">\n<div class=\"et_pb_blog_0 et_pb_blog et_pb_bg_layout_light et_pb_posts et_pb_module et_blog_grid_equal_height preset--module--divi-blog--default\"><div class=\"et_pb_ajax_pagination_container\"><div class=\"et_pb_posts et_grid_module\"><article class=\"et_pb_post et_pb_post_id_17922 clearfix et_pb_blog_item_0_0 post-17922 post type-post status-publish format-standard has-post-thumbnail hentry category-fac-blog category-research-highlights category-sociable tag-fibromyalgia tag-myalgic-encephalomyelitis tag-research pmpro-level-required pmpro-level-1 pmpro-level-8 pmpro-level-9 pmpro-level-10 pmpro-no-access\"><div class=\"et_pb_image_container\"><a href=\"https:\/\/fibrocanada.ca\/fr\/discriminatemefromfibromyalgia\" class=\"entry-featured-image-url\"><img loading=\"lazy\" decoding=\"async\" src=\"https:\/\/fibrocanada.ca\/wp-content\/uploads\/2025\/06\/Research-Website-Posts.png\" width=\"1080\" height=\"1080\" alt=\"myalgic encephalomyelitis has overlapping symptoms with fibromyalgia\" class=\"\" \/><span data-icon=\"5\" class=\"et_overlay et_pb_inline_icon\"><\/span><\/a><\/div><h2 class=\"entry-title\"><a href=\"https:\/\/fibrocanada.ca\/fr\/discriminatemefromfibromyalgia\">Les signatures d'expression de microARN circulants permettent de distinguer avec pr\u00e9cision l'enc\u00e9phalomy\u00e9lite myalgique de la fibromyalgie et des affections comorbides<\/a><\/h2><p class=\"post-meta\"><\/p><div class=\"post-content\"><div class=\"post-content-inner\"><p>L'enc\u00e9phalomy\u00e9lite myalgique (EM) (\u00e9galement appel\u00e9e syndrome de fatigue chronique (SFC)) et la fibromyalgie (FM) sont deux maladies chroniques aux sympt\u00f4mes complexes qui touchent plusieurs parties du corps. En raison de leurs sympt\u00f4mes communs et de l'absence de biomarqueurs clairs (par exemple, les analyses sanguines), ces affections sont\u2026<\/p>\n<div class=\"pmpro\"><div class=\"pmpro_card pmpro_content_message et_pb_row\"><div class=\"pmpro_card_content translation-block\">Ce contenu n\u00e9cessite une adh\u00e9sion pour \u00eatre consult\u00e9.\nVeuillez vous inscrire ou vous connecter ci-dessous.<\/div><div class=\"pmpro_card_actions pmpro_font-medium\">Already a member? <a href=\"https:\/\/fibrocanada.ca\/fr\/login?redirect_to=https%3A%2F%2Ffibrocanada.ca%2Ffr%2Fdiscriminatemefromfibromyalgia\">Connectez-vous ici<\/a><\/div><\/div><\/div><\/div><\/div><\/article><article class=\"et_pb_post et_pb_post_id_17905 clearfix et_pb_blog_item_0_1 post-17905 post type-post status-publish format-standard has-post-thumbnail hentry category-research-highlights category-sociable tag-doctor pmpro-has-access\"><div class=\"et_pb_image_container\"><a href=\"https:\/\/fibrocanada.ca\/fr\/doctorsandfibromyalgia\" class=\"entry-featured-image-url\"><img loading=\"lazy\" decoding=\"async\" src=\"https:\/\/fibrocanada.ca\/wp-content\/uploads\/2025\/06\/4.png\" width=\"1080\" height=\"1080\" alt=\"Previous studies show provider stigma and inadequate pain management are common reasons for frustration amongst fibromyalgia patients. Doctors don\u2019t always agree on how to treat fibromyalgia (FM). There is a lot of variety in the treatments they recommend, and what works for one person may not work for another. Some treatments, like exercise, work well for many people, but others, like opioids or alternative therapies, are rarely suggested. Many doctors also don\u2019t follow clear guidelines for FM, which can make it harder for patients to get consistent care. This study looked at how doctors think about FM, how they treat it, and the challenges patients face when seeking help.\" class=\"\" \/><span data-icon=\"5\" class=\"et_overlay et_pb_inline_icon\"><\/span><\/a><\/div><h2 class=\"entry-title\"><a href=\"https:\/\/fibrocanada.ca\/fr\/doctorsandfibromyalgia\">Que savent les m\u00e9decins sur la fibromyalgie et comment la traitent-ils\u00a0?<\/a><\/h2><p class=\"post-meta\"><\/p><div class=\"post-content\"><div class=\"post-content-inner\"><p>Doctors don\u2019t always agree on how to treat fibromyalgia (FM). There is a lot of variety in the treatments they recommend, and what works for one person may not work for another. Some treatments, like exercise, work well for many people, but others, like opioids or alt&hellip;<\/p>\n<\/div><\/div><\/article><article class=\"et_pb_post et_pb_post_id_17902 clearfix et_pb_blog_item_0_2 post-17902 post type-post status-publish format-standard has-post-thumbnail hentry category-research-highlights category-sociable tag-fibromyalgia tag-lay-summary tag-medications pmpro-has-access\"><div class=\"et_pb_image_container\"><a href=\"https:\/\/fibrocanada.ca\/fr\/fibromyalgiacadencetrial\" class=\"entry-featured-image-url\"><img loading=\"lazy\" decoding=\"async\" src=\"https:\/\/fibrocanada.ca\/wp-content\/uploads\/2025\/06\/2.png\" width=\"1080\" height=\"1080\" alt=\"fibromyalgia sometimes responds to medication\" class=\"\" \/><span data-icon=\"5\" class=\"et_overlay et_pb_inline_icon\"><\/span><\/a><\/div><h2 class=\"entry-title\"><a href=\"https:\/\/fibrocanada.ca\/fr\/fibromyalgiacadencetrial\">D\u00e9veloppement d'une combinaison d'analg\u00e9siques pour une efficacit\u00e9 clinique am\u00e9lior\u00e9e (essai CADENCE) : un essai contr\u00f4l\u00e9 en double aveugle d'une combinaison d'acide alpha-lipo\u00efque et de pr\u00e9gabaline pour la douleur li\u00e9e \u00e0 la fibromyalgie.<\/a><\/h2><p class=\"post-meta\"><\/p><div class=\"post-content\"><div class=\"post-content-inner\"><p>La douleur li\u00e9e \u00e0 la fibromyalgie peut \u00eatre soulag\u00e9e par diff\u00e9rents m\u00e9dicaments. Cependant, seulement 40 \u00e0 60 % des personnes atteintes de fibromyalgie constatent une diminution de leur douleur gr\u00e2ce aux m\u00e9dicaments. Celles qui constatent une diminution constatent une r\u00e9duction\u2026<\/p>\n<\/div><\/div><\/article><article class=\"et_pb_post et_pb_post_id_14307 clearfix et_pb_blog_item_0_3 post-14307 post type-post status-publish format-standard has-post-thumbnail hentry category-research-highlights category-sociable pmpro-has-access\"><div class=\"et_pb_image_container\"><a href=\"https:\/\/fibrocanada.ca\/fr\/how-effective-are-alternative-treatments-for-fm\" class=\"entry-featured-image-url\"><img loading=\"lazy\" decoding=\"async\" src=\"https:\/\/fibrocanada.ca\/wp-content\/uploads\/2024\/09\/2-e1741113058886.png\" width=\"600\" height=\"600\" alt=\"This study looks at how well different alternative treatments, for example acupuncture and massage, work for people with fibromyalgia. Researchers want to see if these treatments can help reduce pain, improve sleep, and make people feel better overall.\" class=\"\" \/><span data-icon=\"5\" class=\"et_overlay et_pb_inline_icon\"><\/span><\/a><\/div><h2 class=\"entry-title\"><a href=\"https:\/\/fibrocanada.ca\/fr\/how-effective-are-alternative-treatments-for-fm\">Quelle est l'efficacit\u00e9 des traitements alternatifs contre la fibromyalgie\u00a0?<\/a><\/h2><p class=\"post-meta\"><\/p><div class=\"post-content\"><div class=\"post-content-inner\"><p>Cette recherche montre que certains traitements de m\u00e9decine alternative fonctionnent mieux que les traitements standards pour soulager la douleur, l\u2019anxi\u00e9t\u00e9 et le sommeil chez certaines personnes atteintes de fibromyalgie. <\/p>\n<p>Consultez-le pour voir quel traitement alternatif fonctionne le mieux. <\/p>\n<\/div><\/div><\/article><article class=\"et_pb_post et_pb_post_id_13099 clearfix et_pb_blog_item_0_4 post-13099 post type-post status-publish format-standard has-post-thumbnail hentry category-research-highlights category-how-to-understand category-sociable pmpro-has-access\"><div class=\"et_pb_image_container\"><a href=\"https:\/\/fibrocanada.ca\/fr\/about-scientific-and-medical-journals\" class=\"entry-featured-image-url\"><img loading=\"lazy\" decoding=\"async\" src=\"https:\/\/fibrocanada.ca\/wp-content\/uploads\/2024\/06\/4-e1741113127651.png\" width=\"600\" height=\"600\" alt=\"Scientific or Medical Journals are publications whose goal it is to expand and facilitate inquiry into scientific and medical fields through publishing research, findings, or studies conducted by academic experts and \/ or students in their specific fields.\" class=\"\" \/><span data-icon=\"5\" class=\"et_overlay et_pb_inline_icon\"><\/span><\/a><\/div><h2 class=\"entry-title\"><a href=\"https:\/\/fibrocanada.ca\/fr\/about-scientific-and-medical-journals\">Que devez-vous savoir sur les revues scientifiques et m\u00e9dicales ?\u00a0<\/a><\/h2><p class=\"post-meta\"><\/p><div class=\"post-content\"><div class=\"post-content-inner\"><p>Les revues scientifiques ou m\u00e9dicales sont des publications dont le but est d'\u00e9largir et de faciliter la recherche dans les domaines scientifiques et m\u00e9dicaux en publiant des recherches, des r\u00e9sultats ou des \u00e9tudes men\u00e9es par des experts universitaires et\/ou des \u00e9tudiants dans leurs domaines sp\u00e9cifiques.<\/p>\n<\/div><\/div><\/article><article class=\"et_pb_post et_pb_post_id_13084 clearfix et_pb_blog_item_0_5 post-13084 post type-post status-publish format-standard has-post-thumbnail hentry category-research-highlights category-sociable tag-blood-test tag-fibromyalgia tag-research pmpro-level-required pmpro-level-10 pmpro-no-access\"><div class=\"et_pb_image_container\"><a href=\"https:\/\/fibrocanada.ca\/fr\/is-there-a-blood-test-for-fibromyalgia\" class=\"entry-featured-image-url\"><img loading=\"lazy\" decoding=\"async\" src=\"https:\/\/fibrocanada.ca\/wp-content\/uploads\/2024\/06\/2.png\" width=\"1080\" height=\"1080\" alt=\"Is there a blood test for fibromyalgia\" class=\"\" \/><span data-icon=\"5\" class=\"et_overlay et_pb_inline_icon\"><\/span><\/a><\/div><h2 class=\"entry-title\"><a href=\"https:\/\/fibrocanada.ca\/fr\/is-there-a-blood-test-for-fibromyalgia\">Existe-t-il un test sanguin diagnostique pour savoir si je souffre de fibromyalgie ET est-ce un bon test\u00a0?<\/a><\/h2><p class=\"post-meta\"><\/p><div class=\"post-content\"><div class=\"post-content-inner\"><p>Actuellement, il n'existe pas de test sanguin permettant de diagnostiquer d\u00e9finitivement la fibromyalgie. Le diagnostic repose sur une combinaison des sympt\u00f4mes rapport\u00e9s par la personne, d'un examen physique identifiant les signes associ\u00e9s \u00e0 la maladie et de tests diagnostiques (analyses sanguines, radiographies et scanners) permettant de confirmer ou d'infirmer d'autres affections potentielles.<\/p>\n<div class=\"pmpro\"><div class=\"pmpro_card pmpro_content_message et_pb_row\"><div class=\"pmpro_card_content translation-block\">Ce contenu n\u00e9cessite une adh\u00e9sion pour \u00eatre consult\u00e9.\nVeuillez vous inscrire ou vous connecter ci-dessous.<\/div><div class=\"pmpro_card_actions pmpro_font-medium\">Already a member? <a href=\"https:\/\/fibrocanada.ca\/fr\/login?redirect_to=https%3A%2F%2Ffibrocanada.ca%2Ffr%2Fis-there-a-blood-test-for-fibromyalgia\">Connectez-vous ici<\/a><\/div><\/div><\/div><\/div><\/div><\/article><article class=\"et_pb_post et_pb_post_id_12961 clearfix et_pb_blog_item_0_6 post-12961 post type-post status-publish format-standard has-post-thumbnail hentry category-research-highlights category-research category-sociable pmpro-has-access\"><div class=\"et_pb_image_container\"><a href=\"https:\/\/fibrocanada.ca\/fr\/intramuscular-pressure-study\" class=\"entry-featured-image-url\"><img loading=\"lazy\" decoding=\"async\" src=\"https:\/\/fibrocanada.ca\/wp-content\/uploads\/2024\/06\/6-e1741113809793.png\" width=\"600\" height=\"600\" alt=\"This study challenges one theory of pain in FM, which is central sensitization and seeks to show that pain in the muscles is linked to elevated pressure in the muscles.\" class=\"\" \/><span data-icon=\"5\" class=\"et_overlay et_pb_inline_icon\"><\/span><\/a><\/div><h2 class=\"entry-title\"><a href=\"https:\/\/fibrocanada.ca\/fr\/intramuscular-pressure-study\">La pression intramusculaire est presque trois fois plus \u00e9lev\u00e9e chez les patients atteints de fibromyalgie<\/a><\/h2><p class=\"post-meta\"><\/p><div class=\"post-content\"><div class=\"post-content-inner\"><p>La cause exacte de la fibromyalgie (FM) est inconnue. On pense g\u00e9n\u00e9ralement qu'il s'agit d'une sensibilisation centrale, o\u00f9 le cerveau traite anormalement les signaux de douleur, ce qui provoque la douleur.<\/p>\n<\/div><\/div><\/article><article class=\"et_pb_post et_pb_post_id_22886 clearfix et_pb_blog_item_0_7 post-22886 post type-post status-publish format-standard has-post-thumbnail hentry category-research-highlights category-research category-sociable tag-lay-summary tag-low-dose-naltrexone tag-research-highlights pmpro-has-access\"><div class=\"et_pb_image_container\"><a href=\"https:\/\/fibrocanada.ca\/fr\/low-dose-naltrexone\" class=\"entry-featured-image-url\"><img loading=\"lazy\" decoding=\"async\" src=\"https:\/\/fibrocanada.ca\/wp-content\/uploads\/2026\/01\/2.png\" width=\"675\" height=\"675\" alt=\"Low Dose Naltrexone - Fibromyalgia Association Canada information graphic\" class=\"\" \/><span data-icon=\"5\" class=\"et_overlay et_pb_inline_icon\"><\/span><\/a><\/div><h2 class=\"entry-title\"><a href=\"https:\/\/fibrocanada.ca\/fr\/low-dose-naltrexone\">R\u00e9sum\u00e9 en langage clair sur la naltrexone \u00e0 faible dose (NFD)\u00a0<\/a><\/h2><p class=\"post-meta\"><\/p><div class=\"post-content\"><div class=\"post-content-inner\"><p>R\u00e9sum\u00e9 vulgaris\u00e9 d'une revue syst\u00e9matique visant \u00e0 mieux comprendre si la naltrexone \u00e0 faible dose peut constituer une option utile pour les personnes atteintes de fibromyalgie. <\/p>\n<\/div><\/div><\/article><article class=\"et_pb_post et_pb_post_id_22852 clearfix et_pb_blog_item_0_8 post-22852 post type-post status-publish format-standard has-post-thumbnail hentry category-research-highlights category-research category-sociable tag-lay-summary tag-research tag-research-highlights pmpro-level-required pmpro-level-10 pmpro-no-access\"><div class=\"et_pb_image_container\"><a href=\"https:\/\/fibrocanada.ca\/fr\/painreliefbytargettingsleepwithsublingualcyclobenzaprine\" class=\"entry-featured-image-url\"><img loading=\"lazy\" decoding=\"async\" src=\"https:\/\/fibrocanada.ca\/wp-content\/uploads\/2026\/01\/4.png\" width=\"675\" height=\"675\" alt=\"This is a Lay Summary on Pain relief by targeting nonrestorative sleep in fibromyalgia: a phase 3 randomized trial of bedtime sublingual cyclobenzaprine. We have the English Fibromyalgia Association Canada banner with the title om the left and someone inserting a pill under their tongue on the left (sublingual)\" class=\"\" \/><span data-icon=\"5\" class=\"et_overlay et_pb_inline_icon\"><\/span><\/a><\/div><h2 class=\"entry-title\"><a href=\"https:\/\/fibrocanada.ca\/fr\/painreliefbytargettingsleepwithsublingualcyclobenzaprine\">Soulagement de la douleur par le biais d'un sommeil non r\u00e9parateur dans la fibromyalgie : un essai randomis\u00e9 de phase 3 sur la cyclobenzaprine sublinguale au coucher<\/a><\/h2><p class=\"post-meta\"><\/p><div class=\"post-content\"><div class=\"post-content-inner\"><p>Soulagement de la douleur par le biais d'un sommeil non r\u00e9parateur dans la fibromyalgie<\/p>\n<p>Cet essai randomis\u00e9 de phase 3 examine le r\u00f4le du sommeil non r\u00e9parateur dans la fibromyalgie et \u00e9value une formulation sublinguale de cyclobenzaprine \u00e0 prendre au coucher comme approche potentielle pour soulager les sympt\u00f4mes li\u00e9s au sommeil. En se concentrant sur la physiologie du sommeil plut\u00f4t que sur la douleur seule, l'\u00e9tude contribue aux recherches en cours sur les m\u00e9canismes sous-jacents de la fibromyalgie et les nouvelles strat\u00e9gies th\u00e9rapeutiques.<\/p>\n<p>FAC diffuse ces recherches en langage courant afin de favoriser des \u00e9changes \u00e9clair\u00e9s et d'encourager ses membres \u00e0 explorer les donn\u00e9es probantes actuelles en mati\u00e8re de soins de la fibromyalgie.<\/p>\n<div class=\"pmpro\"><div class=\"pmpro_card pmpro_content_message et_pb_row\"><div class=\"pmpro_card_content translation-block\">Ce contenu n\u00e9cessite une adh\u00e9sion pour \u00eatre consult\u00e9.\nVeuillez vous inscrire ou vous connecter ci-dessous.<\/div><div class=\"pmpro_card_actions pmpro_font-medium\">Already a member? <a href=\"https:\/\/fibrocanada.ca\/fr\/login?redirect_to=https%3A%2F%2Ffibrocanada.ca%2Ffr%2Fpainreliefbytargettingsleepwithsublingualcyclobenzaprine\">Connectez-vous ici<\/a><\/div><\/div><\/div><\/div><\/div><\/article><article class=\"et_pb_post et_pb_post_id_12949 clearfix et_pb_blog_item_0_9 post-12949 post type-post status-publish format-standard has-post-thumbnail hentry category-research-highlights category-sociable pmpro-has-access\"><div class=\"et_pb_image_container\"><a href=\"https:\/\/fibrocanada.ca\/fr\/passive-transfer-from-patients-to-mice\" class=\"entry-featured-image-url\"><img loading=\"lazy\" decoding=\"async\" src=\"https:\/\/fibrocanada.ca\/wp-content\/uploads\/2024\/06\/8-e1741114117637.png\" width=\"600\" height=\"600\" alt=\"In the general population the incidence of FM is at least 2% but increases to 10-30% in people who have autoimmune rheumatological conditions. Based on this increase in prevalence the authors investigated whether autoreactive IgG is responsible for some of the key symptoms in FM. IgG is a type of protein antibody found in the blood, which protects us from bacterial and viral infections.\" class=\"\" \/><span data-icon=\"5\" class=\"et_overlay et_pb_inline_icon\"><\/span><\/a><\/div><h2 class=\"entry-title\"><a href=\"https:\/\/fibrocanada.ca\/fr\/passive-transfer-from-patients-to-mice\">Transfert passif des sympt\u00f4mes de la fibromyalgie des patients aux souris<\/a><\/h2><p class=\"post-meta\"><\/p><div class=\"post-content\"><div class=\"post-content-inner\"><p>Des chercheurs ont d\u00e9couvert que le transfert passif d'IgG de patients atteints de fibromyalgie \u00e0 des souris d\u00e9clenchait des sympt\u00f4mes cl\u00e9s, sugg\u00e9rant que la fibromyalgie pourrait avoir une composante auto-immune. Pour en savoir plus sur les limites de cette \u00e9tude, consultez la suite. <\/p>\n<\/div><\/div><\/article><\/div><\/div><\/div>\n<\/div>\n<\/div>\n<\/div>","protected":false},"excerpt":{"rendered":"<p>Le cycle de la recherche  <\/p>\n<p>Le cycle de recherche est un processus continu et non lin\u00e9aire qui commence par l\u2019identification d\u2019un probl\u00e8me ou d\u2019une question et passe par des \u00e9tapes telles que l\u2019enqu\u00eate, l\u2019analyse et le partage des r\u00e9sultats.<\/p>","protected":false},"author":966,"featured_media":20918,"parent":0,"menu_order":0,"comment_status":"closed","ping_status":"closed","template":"","meta":{"_acf_changed":false,"pmpro_default_level":"","footnotes":""},"class_list":["post-18955","page","type-page","status-publish","has-post-thumbnail","hentry","pmpro-has-access"],"acf":[],"_links":{"self":[{"href":"https:\/\/fibrocanada.ca\/fr\/wp-json\/wp\/v2\/pages\/18955","targetHints":{"allow":["GET"]}}],"collection":[{"href":"https:\/\/fibrocanada.ca\/fr\/wp-json\/wp\/v2\/pages"}],"about":[{"href":"https:\/\/fibrocanada.ca\/fr\/wp-json\/wp\/v2\/types\/page"}],"author":[{"embeddable":true,"href":"https:\/\/fibrocanada.ca\/fr\/wp-json\/wp\/v2\/users\/966"}],"replies":[{"embeddable":true,"href":"https:\/\/fibrocanada.ca\/fr\/wp-json\/wp\/v2\/comments?post=18955"}],"version-history":[{"count":0,"href":"https:\/\/fibrocanada.ca\/fr\/wp-json\/wp\/v2\/pages\/18955\/revisions"}],"wp:featuredmedia":[{"embeddable":true,"href":"https:\/\/fibrocanada.ca\/fr\/wp-json\/wp\/v2\/media\/20918"}],"wp:attachment":[{"href":"https:\/\/fibrocanada.ca\/fr\/wp-json\/wp\/v2\/media?parent=18955"}],"curies":[{"name":"wp","href":"https:\/\/api.w.org\/{rel}","templated":true}]}}