{"id":19,"date":"2025-03-06T17:53:34","date_gmt":"2025-03-06T17:53:34","guid":{"rendered":"https:\/\/fibrocanada.ca\/?page_id=19"},"modified":"2025-08-21T11:42:39","modified_gmt":"2025-08-21T15:42:39","slug":"awareness","status":"publish","type":"page","link":"https:\/\/fibrocanada.ca\/fr\/awareness","title":{"rendered":"Faits saillants de la sensibilisation"},"content":{"rendered":"<div class=\"et_pb_section_0 et_pb_section et_section_regular et_block_section\">\n<div class=\"et_pb_row_0 et_pb_row et_block_row\">\n<div class=\"et_pb_column_0 et_pb_column et_pb_column_3_5 et_block_column et_pb_css_mix_blend_mode_passthrough preset--module--divi-column--default\">\n<div class=\"et_pb_text_0 et_pb_text et_pb_bg_layout_light et_pb_module et_flex_module preset--module--divi-text--default\"><div class=\"et_pb_text_inner\"><h1>Faits saillants de la sensibilisation<\/h1>\n<\/div><\/div>\n<\/div>\n\n<div class=\"et_pb_column_1 et_pb_column et_pb_column_2_5 et-last-child et_block_column et_pb_css_mix_blend_mode_passthrough preset--module--divi-column--default\">\n<div class=\"et_pb_image_0 et_pb_image et_pb_module et_flex_module\"><span class=\"et_pb_image_wrap\"><img loading=\"lazy\" decoding=\"async\" src=\"https:\/\/fibrocanada.ca\/wp-content\/uploads\/2022\/03\/awareness-768x433-2-1.jpg\" alt=\"Being aware of fibromyalgia\" title=\"awareness-768&#215;433-2-1\" width=\"768\" height=\"433\" srcset=\"https:\/\/fibrocanada.ca\/wp-content\/uploads\/2022\/03\/awareness-768x433-2-1.jpg 768w, https:\/\/fibrocanada.ca\/wp-content\/uploads\/2022\/03\/awareness-768x433-2-1-480x271.jpg 480w\" sizes=\"(min-width: 0px) and (max-width: 480px) 480px, (min-width: 481px) 768px, 100vw\" class=\"wp-image-3581\" \/><\/span><\/div>\n<\/div>\n<\/div>\n\n<div class=\"et_pb_row_1 et_pb_row et_block_row\">\n<div class=\"et_pb_column_2 et_pb_column et_pb_column_4_4 et-last-child et_block_column et_pb_css_mix_blend_mode_passthrough preset--module--divi-column--default\">\n<div class=\"et_pb_text_1 et_pb_text et_pb_bg_layout_light et_pb_module et_flex_module preset--module--divi-text--default\"><div class=\"et_pb_text_inner\"><p><strong>Ces points saillants partagent des informations importantes pour aider les gens \u00e0 acqu\u00e9rir une compr\u00e9hension plus approfondie de la fibromyalgie, de ses d\u00e9fis et des nombreuses fa\u00e7ons d\u2019offrir du soutien \u00e0 ceux d\u2019entre nous qui sont touch\u00e9s par cette maladie chronique.<\/strong><\/p>\n<p><strong>De nombreuses personnes luttent pendant des ann\u00e9es sans diagnostic pr\u00e9cis, souvent confront\u00e9es au scepticisme ou \u00e0 l'incompr\u00e9hension de leur entourage. En mettant en lumi\u00e8re les r\u00e9alit\u00e9s de cette maladie, la FAC peut contribuer \u00e0 briser la stigmatisation, favoriser un diagnostic pr\u00e9coce et encourager une meilleure prise en charge.<\/strong><\/p>\n<p><strong>Pour ceux d\u2019entre nous qui vivent avec des douleurs persistantes, de la fatigue et d\u2019autres sympt\u00f4mes qui alt\u00e8rent la vie, avoir une communaut\u00e9 solidaire et inform\u00e9e peut faire une diff\u00e9rence significative.<\/strong><\/p>\n<p><strong>Que vous soyez personnellement concern\u00e9, que vous connaissiez quelqu\u2019un qui l\u2019est ou que vous souhaitiez simplement \u00eatre un alli\u00e9, accro\u00eetre vos connaissances favorise une plus grande empathie et une plus grande action.<\/strong><\/p>\n<p><strong>De petits efforts, comme \u00e9couter sans juger, reconna\u00eetre les difficult\u00e9s quotidiennes et soutenir la recherche et les am\u00e9liorations des soins de sant\u00e9, peuvent avoir un impact durable.\u00a0<\/strong><\/p>\n<p><strong>Ensemble, nous pouvons \u0153uvrer pour un avenir o\u00f9 ceux d\u2019entre nous qui sont confront\u00e9s \u00e0 ces d\u00e9fis seront compris, respect\u00e9s et responsabilis\u00e9s.<\/strong><\/p>\n<h2><strong>La sensibilisation fait la diff\u00e9rence<\/strong><\/h2>\n<p class=\"translation-block\"><strong>Si vous souhaitez obtenir de l'aide de l'Association canadienne de la fibromyalgie, veuillez envisager de vous joindre \u00e0 notre comit\u00e9 de sensibilisation ici <a href=\"https:\/\/fibrocanada.ca\/fr\/volunteer\/\" target=\"_self\">https:\/\/fibrocanada.ca\/en\/volunteer\/<\/a><\/strong><\/p>\n<p><strong><\/strong><\/p>\n<p><strong><\/strong><\/p>\n<\/div><\/div>\n<\/div>\n<\/div>\n<\/div>\n\n<div class=\"et_pb_section_1 et_pb_section et_section_regular et_block_section\">\n<div class=\"et_pb_row_2 et_pb_row et_pb_equal_columns et_pb_gutters2 et_block_row\">\n<div class=\"et_pb_column_3 et_pb_column et_pb_column_4_4 et-last-child et_block_column et_pb_css_mix_blend_mode_passthrough preset--module--divi-column--default\">\n<div class=\"et_pb_blog_0 et_pb_blog et_pb_bg_layout_light et_pb_posts et_pb_module et_blog_grid_equal_height preset--module--divi-blog--default\"><div class=\"et_pb_ajax_pagination_container\"><div class=\"et_pb_posts et_flex_module\"><article class=\"et_pb_post et_pb_post_id_16902 clearfix et_pb_blog_item_0_0 post-16902 post type-post status-publish format-standard has-post-thumbnail hentry category-awareness-hightlights category-fac-blog category-education-highlights category-sociable tag-anxiety tag-blog tag-education-highlights tag-fibromyalgia tag-mental-health tag-support pmpro-has-access\"><a href=\"https:\/\/fibrocanada.ca\/fr\/fibromyalgia-and-anxiety\" class=\"entry-featured-image-url\"><img loading=\"lazy\" decoding=\"async\" src=\"https:\/\/fibrocanada.ca\/wp-content\/uploads\/2025\/03\/Anxiety-for-website-e1741795903620.png\" width=\"600\" height=\"600\" alt=\"Recevoir un diagnostic de fibromyalgie peut \u00eatre accablant. Contrairement \u00e0 d&#039;autres affections avec des tests diagnostiques clairs et des plans de traitement d\u00e9finis, la fibromyalgie reste mal comprise. Cette incertitude peut entra\u00eener des sentiments de frustration, de peur et d&#039;impuissance. Tout le monde ne souffrira pas d&#039;anxi\u00e9t\u00e9 et de d\u00e9pression, mais plusieurs facteurs peuvent conduire \u00e0 ces \u00e9tats d&#039;humeur lorsque l&#039;on vit avec la fibromyalgie.\" class=\"et_pb_post_main_image\" \/><span data-icon=\"5\" class=\"et_overlay et_pb_inline_icon\"><\/span><\/a><h2 class=\"entry-title\"><a href=\"https:\/\/fibrocanada.ca\/fr\/fibromyalgia-and-anxiety\">Fibromyalgie et anxi\u00e9t\u00e9 :<\/a><\/h2><p class=\"post-meta\"><\/p><div class=\"post-content\"><div class=\"post-content-inner\"><p>Recevoir un diagnostic de fibromyalgie peut \u00eatre bouleversant. Contrairement \u00e0 d'autres maladies pour lesquelles des tests diagnostiques et des plans de traitement clairs sont disponibles, la fibromyalgie reste mal comprise. Cette incertitude peut engendrer des sentiments de frustration, de peur et d'impuissance. Tout le monde n'en souffrira pas\u2026<\/p>\n<\/div><\/div><\/article><article class=\"et_pb_post et_pb_post_id_16532 clearfix et_pb_blog_item_0_1 post-16532 post type-post status-publish format-standard has-post-thumbnail hentry category-awareness-hightlights category-fac-blog category-education-highlights category-sociable tag-awareness-highlights tag-education-highlights tag-fibromyalgia tag-goals tag-mini-goals pmpro-has-access\"><a href=\"https:\/\/fibrocanada.ca\/fr\/mini-goals\" class=\"entry-featured-image-url\"><img loading=\"lazy\" decoding=\"async\" src=\"https:\/\/fibrocanada.ca\/wp-content\/uploads\/2025\/02\/2025-20-e1738589141498.png\" width=\"600\" height=\"600\" alt=\"mini goals are achievable.\" class=\"et_pb_post_main_image\" \/><span data-icon=\"5\" class=\"et_overlay et_pb_inline_icon\"><\/span><\/a><h2 class=\"entry-title\"><a href=\"https:\/\/fibrocanada.ca\/fr\/mini-goals\">Mini-objectifs\u00a0: se concentrer sur des objectifs r\u00e9alisables pour une meilleure gestion de la fibromyalgie<\/a><\/h2><p class=\"post-meta\"><\/p><div class=\"post-content\"><div class=\"post-content-inner\"><p>Les mini-objectifs ne se limitent pas \u00e0 accomplir des t\u00e2ches\u00a0: ils vous aident \u00e0 vivre pleinement votre exp\u00e9rience avec la fibromyalgie. En vous concentrant sur des \u00e9tapes progressives, vous pouvez d\u00e9velopper un sentiment de contr\u00f4le, entretenir votre bien-\u00eatre et ressentir la satisfaction d'une progression constante.<\/p>\n<\/div><\/div><\/article><article class=\"et_pb_post et_pb_post_id_16526 clearfix et_pb_blog_item_0_2 post-16526 post type-post status-publish format-standard has-post-thumbnail hentry category-awareness-hightlights category-fac-blog category-education-highlights category-sociable tag-awareness-highlights tag-education-highlights tag-mental-health tag-smart-goals tag-support pmpro-has-access\"><a href=\"https:\/\/fibrocanada.ca\/fr\/setting-5-smart-goals\" class=\"entry-featured-image-url\"><img loading=\"lazy\" decoding=\"async\" src=\"https:\/\/fibrocanada.ca\/wp-content\/uploads\/2025\/02\/SMART-Goals-e1738587091720.png\" width=\"600\" height=\"600\" alt=\"Want to know how to set and achieve your goals? Make them SMART goals.\" class=\"et_pb_post_main_image\" \/><span data-icon=\"5\" class=\"et_overlay et_pb_inline_icon\"><\/span><\/a><h2 class=\"entry-title\"><a href=\"https:\/\/fibrocanada.ca\/fr\/setting-5-smart-goals\">Vivre avec la fibromyalgie et se fixer 5 objectifs SMART<\/a><\/h2><p class=\"post-meta\"><\/p><div class=\"post-content\"><div class=\"post-content-inner\"><p>Vivre avec la fibromyalgie implique de composer avec des douleurs persistantes, de la fatigue et un \u00e9tat d'esprit confus. On peut avoir l'impression que le monde exige un niveau de productivit\u00e9 inaccessible lorsque son propre corps r\u00e9siste. Se fixer des objectifs peut para\u00eetre intimidant : comment y parvenir\u2026<\/p>\n<\/div><\/div><\/article><article class=\"et_pb_post et_pb_post_id_16479 clearfix et_pb_blog_item_0_3 post-16479 post type-post status-publish format-standard has-post-thumbnail hentry category-awareness-hightlights category-fac-blog category-education-highlights category-sociable tag-education-highlights tag-fibromyalgia tag-support pmpro-has-access\"><a href=\"https:\/\/fibrocanada.ca\/fr\/fibromyalgia-and-pots\" class=\"entry-featured-image-url\"><img loading=\"lazy\" decoding=\"async\" src=\"https:\/\/fibrocanada.ca\/wp-content\/uploads\/2025\/01\/2024-TEMPLATE-7.png\" width=\"1080\" height=\"1080\" alt=\"What causes POTS, how to get diagnosed and treatment options\" class=\"et_pb_post_main_image\" \/><span data-icon=\"5\" class=\"et_overlay et_pb_inline_icon\"><\/span><\/a><h2 class=\"entry-title\"><a href=\"https:\/\/fibrocanada.ca\/fr\/fibromyalgia-and-pots\">Comprendre la vie avec la fibromyalgie et le syndrome de Potassium (POTS)<\/a><\/h2><p class=\"post-meta\"><\/p><div class=\"post-content\"><div class=\"post-content-inner\"><p>La fibromyalgie et le POTS (syndrome de tachycardie orthostatique posturale) sont des maladies chroniques qui coexistent souvent, partageant des sympt\u00f4mes tels qu'une fatigue intense, un brouillard c\u00e9r\u00e9bral et des douleurs.<\/p>\n<\/div><\/div><\/article><article class=\"et_pb_post et_pb_post_id_16418 clearfix et_pb_blog_item_0_4 post-16418 post type-post status-publish format-standard has-post-thumbnail hentry category-awareness-hightlights category-fac-blog category-education-highlights tag-fibromyalgia tag-self-help tag-winter pmpro-has-access\"><a href=\"https:\/\/fibrocanada.ca\/fr\/winter-self-care-tips\" class=\"entry-featured-image-url\"><img loading=\"lazy\" decoding=\"async\" src=\"https:\/\/fibrocanada.ca\/wp-content\/uploads\/2025\/01\/472788523_10160599512746696_8161974937865957742_n-e1738004325814.jpg\" width=\"600\" height=\"800\" alt=\"L\u2019hiver au Canada n\u2019est pas une mince affaire.\" class=\"et_pb_post_main_image\" \/><span data-icon=\"5\" class=\"et_overlay et_pb_inline_icon\"><\/span><\/a><h2 class=\"entry-title\"><a href=\"https:\/\/fibrocanada.ca\/fr\/winter-self-care-tips\">Conseils d\u2019autosoins hivernaux pour la\nfibromyalgie\u00a0: s\u2019\u00e9panouir dans le froid\ncanadien<\/a><\/h2><p class=\"post-meta\"><\/p><div class=\"post-content\"><div class=\"post-content-inner\"><p>L'hiver au Canada n'est pas une promenade de sant\u00e9. Le froid mordant, les fortes chutes de neige et les longues soir\u00e9es sombres peuvent amplifier les difficult\u00e9s li\u00e9es \u00e0 la fibromyalgie. Pour beaucoup, la baisse de temp\u00e9rature entra\u00eene une raideur musculaire accrue, des douleurs accrues et une fatigue persistante\u2026<\/p>\n<\/div><\/div><\/article><article class=\"et_pb_post et_pb_post_id_15993 clearfix et_pb_blog_item_0_5 post-15993 post type-post status-publish format-standard has-post-thumbnail hentry category-awareness-hightlights category-education-highlights tag-awareness tag-education-highlights tag-support pmpro-has-access\"><a href=\"https:\/\/fibrocanada.ca\/fr\/supporting-someone-with-fibromyalgia\" class=\"entry-featured-image-url\"><img loading=\"lazy\" decoding=\"async\" src=\"https:\/\/fibrocanada.ca\/wp-content\/uploads\/2024\/12\/Screenshot-2024-12-18-210859.png\" width=\"778\" height=\"527\" alt=\"Supporting someone with fibromyalgia during the Christmas season?\" class=\"et_pb_post_main_image\" \/><span data-icon=\"5\" class=\"et_overlay et_pb_inline_icon\"><\/span><\/a><h2 class=\"entry-title\"><a href=\"https:\/\/fibrocanada.ca\/fr\/supporting-someone-with-fibromyalgia\">Soutenir une personne atteinte de fibromyalgie \u00e0 No\u00ebl\u00a0: un guide sinc\u00e8re pour la famille et les amis<\/a><\/h2><p class=\"post-meta\"><\/p><div class=\"post-content\"><div class=\"post-content-inner\"><p>Vous soutenez une personne atteinte de fibromyalgie pendant les f\u00eates de fin d'ann\u00e9e\u00a0? Voici quelques conseils et strat\u00e9gies utiles qui feront toute la diff\u00e9rence.<\/p>\n<\/div><\/div><\/article><article class=\"et_pb_post et_pb_post_id_15982 clearfix et_pb_blog_item_0_6 post-15982 post type-post status-publish format-standard has-post-thumbnail hentry category-awareness-hightlights category-fac-blog category-education-highlights tag-awareness-highlights tag-education-highlights tag-mental-health tag-support pmpro-has-access\"><a href=\"https:\/\/fibrocanada.ca\/fr\/managing-fibromyalgia-during-the-holiday-season-a-guide-to-enjoying-the-holidays\" class=\"entry-featured-image-url\"><img loading=\"lazy\" decoding=\"async\" src=\"https:\/\/fibrocanada.ca\/wp-content\/uploads\/2024\/12\/Screenshot-2024-12-18-085947.png\" width=\"777\" height=\"532\" alt=\"Managing Fibromyalgia During the Holiday Season: A Guide to Enjoying the Holidays\" class=\"et_pb_post_main_image\" \/><span data-icon=\"5\" class=\"et_overlay et_pb_inline_icon\"><\/span><\/a><h2 class=\"entry-title\"><a href=\"https:\/\/fibrocanada.ca\/fr\/managing-fibromyalgia-during-the-holiday-season-a-guide-to-enjoying-the-holidays\">G\u00e9rer la fibromyalgie pendant les f\u00eates : un guide pour profiter pleinement des f\u00eates<\/a><\/h2><p class=\"post-meta\"><\/p><div class=\"post-content\"><div class=\"post-content-inner\"><p>The physical demands of shopping, meal prep, attending gatherings, and keeping up with traditions can quickly become overwhelming. The good news is that with a little planning and some mindful adjustments, it\u2019s possible to enjoy the festivities while still taking care&hellip;<\/p>\n<\/div><\/div><\/article><article class=\"et_pb_post et_pb_post_id_15969 clearfix et_pb_blog_item_0_7 post-15969 post type-post status-publish format-standard has-post-thumbnail hentry category-awareness-hightlights category-education-highlights tag-awareness tag-education tag-education-highlights tag-mental-health tag-support pmpro-has-access\"><a href=\"https:\/\/fibrocanada.ca\/fr\/the-holiday-season-is-not-always-the-most-wonderful-time-of-the-year\" class=\"entry-featured-image-url\"><img loading=\"lazy\" decoding=\"async\" src=\"https:\/\/fibrocanada.ca\/wp-content\/uploads\/2024\/12\/Screenshot-2024-12-17-195037.png\" width=\"795\" height=\"537\" alt=\"The Holiday Season is not Always the Most Wonderful Time of the Year\" class=\"et_pb_post_main_image\" \/><span data-icon=\"5\" class=\"et_overlay et_pb_inline_icon\"><\/span><\/a><h2 class=\"entry-title\"><a href=\"https:\/\/fibrocanada.ca\/fr\/the-holiday-season-is-not-always-the-most-wonderful-time-of-the-year\">La p\u00e9riode des f\u00eates n\u2019est pas toujours la p\u00e9riode la plus merveilleuse de l\u2019ann\u00e9e<\/a><\/h2><p class=\"post-meta\"><\/p><div class=\"post-content\"><div class=\"post-content-inner\"><p>The holiday season is often thought of as a joyful time\u2014a chance to gather with loved ones, share meals, and celebrate cherished traditions.  Fibromyalgia Association Canada (FAC) recognizes that this isn&#8217;t the reality for everyone. For some, especially those living w&hellip;<\/p>\n<\/div><\/div><\/article><article class=\"et_pb_post et_pb_post_id_14339 clearfix et_pb_blog_item_0_8 post-14339 post type-post status-publish format-standard has-post-thumbnail hentry category-awareness-hightlights pmpro-has-access\"><a href=\"https:\/\/fibrocanada.ca\/fr\/impact-of-changing-seasons-on-fibromyalgia\" class=\"entry-featured-image-url\"><img loading=\"lazy\" decoding=\"async\" src=\"https:\/\/fibrocanada.ca\/wp-content\/uploads\/2024\/09\/Seasonal-Summer-to-FAll-e1736268680319.png\" width=\"600\" height=\"600\" alt=\"The Impact of Changing Seasons on Fibromyalgia: From Summer to Fall\" class=\"et_pb_post_main_image\" \/><span data-icon=\"5\" class=\"et_overlay et_pb_inline_icon\"><\/span><\/a><h2 class=\"entry-title\"><a href=\"https:\/\/fibrocanada.ca\/fr\/impact-of-changing-seasons-on-fibromyalgia\">L'impact des changements de saison sur la fibromyalgie\u00a0: de l'\u00e9t\u00e9 \u00e0 l'automne<\/a><\/h2><p class=\"post-meta\"><\/p><div class=\"post-content\"><div class=\"post-content-inner\"><p>Les personnes atteintes de fibromyalgie ont souvent une thermor\u00e9gulation alt\u00e9r\u00e9e, ce qui signifie que les changements de saison peuvent avoir un impact r\u00e9el.<\/p>\n<\/div><\/div><\/article><article class=\"et_pb_post et_pb_post_id_13018 clearfix et_pb_blog_item_0_9 post-13018 post type-post status-publish format-standard has-post-thumbnail hentry category-awareness-hightlights category-sociable pmpro-has-access\"><a href=\"https:\/\/fibrocanada.ca\/fr\/summer-tips\" class=\"entry-featured-image-url\"><img loading=\"lazy\" decoding=\"async\" src=\"https:\/\/fibrocanada.ca\/wp-content\/uploads\/2024\/06\/Sunset-e1720104954840.png\" width=\"150\" height=\"225\" alt=\"Thriving with Fibromyalgia: Unique Summer Tips for a Comfortable Season\" class=\"et_pb_post_main_image\" \/><span data-icon=\"5\" class=\"et_overlay et_pb_inline_icon\"><\/span><\/a><h2 class=\"entry-title\"><a href=\"https:\/\/fibrocanada.ca\/fr\/summer-tips\">S'\u00e9panouir avec la fibromyalgie\u00a0: conseils uniques pour un \u00e9t\u00e9 confortable<\/a><\/h2><p class=\"post-meta\"><\/p><div class=\"post-content\"><div class=\"post-content-inner\"><p>L\u2019\u00e9t\u00e9 peut \u00eatre une saison de plaisir et de d\u00e9tente, mais pour les personnes atteintes de fibromyalgie, la chaleur et les changements de routine peuvent entra\u00eener des d\u00e9fis uniques.<\/p>\n<\/div><\/div><\/article><\/div><\/div><\/div>\n\n<div class=\"et_pb_code_0 et_pb_code et_pb_module\"><div class=\"et_pb_code_inner\"><script>\n\tjQuery(document).on('ready ajaxComplete', function () {\n\t\t\/\/Replace read more link text\n\t\tjQuery(\".et_pb_post a.more-link\").html(function () {\n\t\t\treturn jQuery(this).html().replace('read more', 'See more');\n\t\t});\n\t}); \n<\/script><\/div><\/div>\n<\/div>\n<\/div>\n<\/div>","protected":false},"excerpt":{"rendered":"<p>Ces points saillants de sensibilisation partagent des informations importantes sur la fibromyalgie pour aider les gens \u00e0 comprendre la maladie, son impact et les moyens de soutenir ceux qui en vivent.<\/p>","protected":false},"author":1,"featured_media":3581,"parent":0,"menu_order":0,"comment_status":"closed","ping_status":"closed","template":"","meta":{"_acf_changed":false,"pmpro_default_level":"","footnotes":""},"class_list":["post-19","page","type-page","status-publish","has-post-thumbnail","hentry","pmpro-has-access"],"acf":[],"_links":{"self":[{"href":"https:\/\/fibrocanada.ca\/fr\/wp-json\/wp\/v2\/pages\/19","targetHints":{"allow":["GET"]}}],"collection":[{"href":"https:\/\/fibrocanada.ca\/fr\/wp-json\/wp\/v2\/pages"}],"about":[{"href":"https:\/\/fibrocanada.ca\/fr\/wp-json\/wp\/v2\/types\/page"}],"author":[{"embeddable":true,"href":"https:\/\/fibrocanada.ca\/fr\/wp-json\/wp\/v2\/users\/1"}],"replies":[{"embeddable":true,"href":"https:\/\/fibrocanada.ca\/fr\/wp-json\/wp\/v2\/comments?post=19"}],"version-history":[{"count":0,"href":"https:\/\/fibrocanada.ca\/fr\/wp-json\/wp\/v2\/pages\/19\/revisions"}],"wp:featuredmedia":[{"embeddable":true,"href":"https:\/\/fibrocanada.ca\/fr\/wp-json\/wp\/v2\/media\/3581"}],"wp:attachment":[{"href":"https:\/\/fibrocanada.ca\/fr\/wp-json\/wp\/v2\/media?parent=19"}],"curies":[{"name":"wp","href":"https:\/\/api.w.org\/{rel}","templated":true}]}}