{"id":20167,"date":"2025-07-25T16:14:28","date_gmt":"2025-07-25T22:14:28","guid":{"rendered":"https:\/\/fibrocanada.ca\/?page_id=20167"},"modified":"2026-03-26T11:04:25","modified_gmt":"2026-03-26T15:04:25","slug":"governance-items","status":"publish","type":"page","link":"https:\/\/fibrocanada.ca\/fr\/governance-items","title":{"rendered":"\u00c9l\u00e9ments de gouvernance"},"content":{"rendered":"<div class=\"et_pb_section_0 et_pb_section et_section_regular et_block_section\">\n<div class=\"et_pb_row_0 et_pb_row et_flex_row\">\n<div class=\"et_pb_column_0 et_pb_column et-last-child et_block_column et_pb_css_mix_blend_mode_passthrough et_flex_column_24_24 et_flex_column_24_24_tablet et_flex_column_24_24_phone et_flex_column_24_24_tabletWide et_flex_column_24_24_widescreen et_flex_column_24_24_ultraWide preset--module--divi-column--default\">\n<div class=\"et_pb_heading_0 et_pb_heading et_pb_module et_block_module preset--module--divi-heading--default\"><div class=\"et_pb_heading_container\"><h1 class=\"et_pb_module_header\"><h1>\u00c9l\u00e9ments de gouvernance<\/h1><\/h1><\/div><\/div>\n\n<div class=\"et_pb_text_0 et_pb_text et_pb_bg_layout_light et_pb_module et_block_module preset--module--divi-text--default\"><div class=\"et_pb_text_inner\"><p>As Fibromyalgia Association Canada (FAC) is a registered Canadian Charity we must post some documents for public review. \u00a0 Below you'll find items such as our bylaws and terms of reference along with other public policy and procedure documents which our Association adheres to.<\/p>\n<\/div><\/div>\n<\/div>\n<\/div>\n\n<div class=\"et_pb_row_1 et_pb_row et_flex_row\">\n<div class=\"et_pb_column_1 et_pb_column et-last-child et_block_column et_pb_css_mix_blend_mode_passthrough et_flex_column_24_24 et_flex_column_24_24_tablet et_flex_column_24_24_phone et_flex_column_24_24_tabletWide et_flex_column_24_24_widescreen et_flex_column_24_24_ultraWide preset--module--divi-column--default\">\n<div class=\"et_pb_heading_1 et_pb_heading et_pb_module et_block_module preset--module--divi-heading--default\"><div class=\"et_pb_heading_container\"><h1 class=\"et_pb_module_header\">Documents importants<\/h1><\/div><\/div>\n<\/div>\n<\/div>\n\n<div class=\"et_pb_row_2 et_pb_row et_pb_gutters3 et_block_row\">\n<div class=\"et_pb_column_2 et_pb_column et_pb_column_1_3 et_block_column et_pb_css_mix_blend_mode_passthrough preset--module--divi-column--default\">\n<div class=\"et_pb_blurb_0 et_pb_blurb et_pb_bg_layout_light et_pb_blurb_position_top et_clickable et_pb_module et_block_module preset--module--divi-blurb--default\"><div class=\"et_pb_blurb_content\"><div class=\"et_pb_main_blurb_image\"><a href=\"https:\/\/fibrocanada.ca\/fr\/proposed-amended-bylaws-2025\/\"><span class=\"et_pb_image_wrap et_pb_only_image_mode_wrap\"><img loading=\"lazy\" decoding=\"async\" src=\"https:\/\/fibrocanada.ca\/wp-content\/uploads\/2025\/07\/FAC-Bylaws-FR.webp\" width=\"650\" height=\"241\" srcset=\"https:\/\/fibrocanada.ca\/wp-content\/uploads\/2025\/07\/FAC-Bylaws-FR.webp 650w, https:\/\/fibrocanada.ca\/wp-content\/uploads\/2025\/07\/FAC-Bylaws-FR-480x178.webp 480w\" sizes=\"(min-width: 0px) and (max-width: 480px) 480px, (min-width: 481px) 650px, 100vw\" class=\"et_animated wp-image-20170\" \/><\/span><\/a><\/div><div class=\"et_pb_blurb_container\"><h4 class=\"et_pb_module_header\"><a href=\"https:\/\/fibrocanada.ca\/fr\/proposed-amended-bylaws-2025\/\">R\u00e8glement int\u00e9rieur d'AFC<\/a><\/h4><div class=\"et_pb_blurb_description\"><p>Nos statuts les plus r\u00e9cents, modifi\u00e9s le 6 mai 2025<\/p>\n<\/div><\/div><\/div><\/div>\n\n<div class=\"et_pb_blurb_1 et_pb_blurb et_pb_bg_layout_light et_pb_blurb_position_top et_clickable et_pb_module et_block_module preset--module--divi-blurb--default\"><div class=\"et_pb_blurb_content\"><div class=\"et_pb_main_blurb_image\"><a href=\"https:\/\/fibrocanada.ca\/fr\/policies\/\"><span class=\"et_pb_image_wrap et_pb_only_image_mode_wrap\"><img loading=\"lazy\" decoding=\"async\" src=\"https:\/\/fibrocanada.ca\/wp-content\/uploads\/2025\/08\/FAC-Policies-FR.webp\" width=\"650\" height=\"241\" srcset=\"https:\/\/fibrocanada.ca\/wp-content\/uploads\/2025\/08\/FAC-Policies-FR.webp 851w, https:\/\/fibrocanada.ca\/wp-content\/uploads\/2025\/08\/FAC-Policies-FR-480x178.webp 480w\" sizes=\"(min-width: 0px) and (max-width: 480px) 480px, (min-width: 481px) 650px, 100vw\" class=\"et_animated wp-image-20683\" \/><\/span><\/a><\/div><div class=\"et_pb_blurb_container\"><h4 class=\"et_pb_module_header\"><a href=\"https:\/\/fibrocanada.ca\/fr\/policies\/\">Governing Policies (Past & Present)<\/a><\/h4><\/div><\/div><\/div>\n<\/div>\n\n<div class=\"et_pb_column_3 et_pb_column et_pb_column_1_3 et_block_column et_pb_css_mix_blend_mode_passthrough preset--module--divi-column--default\">\n<div class=\"et_pb_blurb_2 et_pb_blurb et_pb_bg_layout_light et_pb_blurb_position_top et_clickable et_pb_module et_block_module preset--module--divi-blurb--default\"><div class=\"et_pb_blurb_content\"><div class=\"et_pb_main_blurb_image\"><a href=\"https:\/\/fibrocanada.ca\/fr\/education-tor\/\"><span class=\"et_pb_image_wrap et_pb_only_image_mode_wrap\"><img loading=\"lazy\" decoding=\"async\" src=\"https:\/\/fibrocanada.ca\/wp-content\/uploads\/2025\/07\/FAC-TOR-fr.webp\" width=\"650\" height=\"241\" srcset=\"https:\/\/fibrocanada.ca\/wp-content\/uploads\/2025\/07\/FAC-TOR-fr.webp 650w, https:\/\/fibrocanada.ca\/wp-content\/uploads\/2025\/07\/FAC-TOR-fr-480x178.webp 480w\" sizes=\"(min-width: 0px) and (max-width: 480px) 480px, (min-width: 481px) 650px, 100vw\" class=\"et_animated wp-image-20173\" \/><\/span><\/a><\/div><div class=\"et_pb_blurb_container\"><h4 class=\"et_pb_module_header\"><a href=\"https:\/\/fibrocanada.ca\/fr\/education-tor\/\">Termes de r\u00e9f\u00e9rence<\/a><\/h4><div class=\"et_pb_blurb_description\"><p>En tant que soci\u00e9t\u00e9 assujettie \u00e0 la Loi canadienne sur les organisations \u00e0 but non lucratif, nous sommes r\u00e9gis par un mandat.\u00a0<\/p>\n<\/div><\/div><\/div><\/div>\n\n<div class=\"et_pb_blurb_3 et_pb_blurb et_pb_bg_layout_light et_pb_blurb_position_top et_clickable et_pb_module et_block_module preset--module--divi-blurb--default\"><div class=\"et_pb_blurb_content\"><div class=\"et_pb_main_blurb_image\"><a href=\"https:\/\/fibrocanada.ca\/fr\/agm-reports\/\"><span class=\"et_pb_image_wrap et_pb_only_image_mode_wrap\"><img loading=\"lazy\" decoding=\"async\" src=\"https:\/\/fibrocanada.ca\/wp-content\/uploads\/2025\/08\/FAC-AGM-Reports-FR.webp\" width=\"650\" height=\"241\" srcset=\"https:\/\/fibrocanada.ca\/wp-content\/uploads\/2025\/08\/FAC-AGM-Reports-FR.webp 650w, https:\/\/fibrocanada.ca\/wp-content\/uploads\/2025\/08\/FAC-AGM-Reports-FR-480x178.webp 480w\" sizes=\"(min-width: 0px) and (max-width: 480px) 480px, (min-width: 481px) 650px, 100vw\" class=\"et_animated wp-image-20790\" \/><\/span><\/a><\/div><div class=\"et_pb_blurb_container\"><h4 class=\"et_pb_module_header\"><a href=\"https:\/\/fibrocanada.ca\/fr\/agm-reports\/\">Rapports de l'assembl\u00e9e g\u00e9n\u00e9rale annuelle<\/a><\/h4><div class=\"et_pb_blurb_description\"><p>Les rapports de l'assembl\u00e9e g\u00e9n\u00e9rale annuelle sont disponibles dans les archives de l'AFC.<\/p>\n<\/div><\/div><\/div><\/div>\n<\/div>\n\n<div class=\"et_pb_column_4 et_pb_column et_pb_column_1_3 et-last-child et_block_column et_pb_css_mix_blend_mode_passthrough preset--module--divi-column--default\">\n<div class=\"et_pb_blurb_4 et_pb_blurb et_pb_bg_layout_light et_pb_blurb_position_top et_clickable et_pb_module et_block_module preset--module--divi-blurb--default\"><div class=\"et_pb_blurb_content\"><div class=\"et_pb_main_blurb_image\"><a href=\"https:\/\/fibrocanada.ca\/fr\/conflict-of-interest-policy\/\"><span class=\"et_pb_image_wrap et_pb_only_image_mode_wrap\"><img loading=\"lazy\" decoding=\"async\" src=\"https:\/\/fibrocanada.ca\/wp-content\/uploads\/2025\/07\/FAC-ConflictReso-fr.webp\" width=\"650\" height=\"241\" srcset=\"https:\/\/fibrocanada.ca\/wp-content\/uploads\/2025\/07\/FAC-ConflictReso-fr.webp 650w, https:\/\/fibrocanada.ca\/wp-content\/uploads\/2025\/07\/FAC-ConflictReso-fr-480x178.webp 480w\" sizes=\"(min-width: 0px) and (max-width: 480px) 480px, (min-width: 481px) 650px, 100vw\" class=\"et_animated wp-image-20174\" \/><\/span><\/a><\/div><div class=\"et_pb_blurb_container\"><h4 class=\"et_pb_module_header\"><a href=\"https:\/\/fibrocanada.ca\/fr\/conflict-of-interest-policy\/\">Conflict of Interest & Resolution Policies<\/a><\/h4><div class=\"et_pb_blurb_description\"><p id=\"purpose-scope\">It is inherent in a Board Members\/Members fiduciary duty that conflicts of interest be avoided and resolved as they arise.<\/p>\n<\/div><\/div><\/div><\/div>\n\n<div class=\"et_pb_blurb_5 et_pb_blurb et_pb_bg_layout_light et_pb_blurb_position_top et_clickable et_pb_module et_flex_module preset--module--divi-blurb--default\"><div class=\"et_pb_blurb_content et_flex_module\"><div class=\"et_pb_main_blurb_image\"><a href=\"https:\/\/fibrocanada.ca\/fr\/policy-for-patient-partner-reimbursement-for-fac-research-grants\/\"><span class=\"et_pb_image_wrap et_pb_only_image_mode_wrap\"><img loading=\"lazy\" decoding=\"async\" src=\"https:\/\/fibrocanada.ca\/wp-content\/uploads\/2026\/03\/FAC-PatientPartner-FR.jpeg\" width=\"851\" height=\"315\" srcset=\"https:\/\/fibrocanada.ca\/wp-content\/uploads\/2026\/03\/FAC-PatientPartner-FR.jpeg 851w, https:\/\/fibrocanada.ca\/wp-content\/uploads\/2026\/03\/FAC-PatientPartner-FR-480x178.jpeg 480w\" sizes=\"(min-width: 0px) and (max-width: 480px) 480px, (min-width: 481px) 851px, 100vw\" class=\"et_animated wp-image-23706\" title=\"FAC-PatientPartner-EN\" \/><\/span><\/a><\/div><div class=\"et_pb_blurb_container\"><h4 class=\"et_pb_module_header\"><a href=\"https:\/\/fibrocanada.ca\/fr\/policy-for-patient-partner-reimbursement-for-fac-research-grants\/\">Patient Partner Reimbursement<\/a><\/h4><div class=\"et_pb_blurb_description\"><p><span>Reimbursement policy for patient partners working within grant programs.<\/span><\/p>\n<\/div><\/div><\/div><\/div>\n<\/div>\n<\/div>\n<\/div>","protected":false},"excerpt":{"rendered":"","protected":false},"author":1,"featured_media":0,"parent":0,"menu_order":0,"comment_status":"closed","ping_status":"closed","template":"","meta":{"_acf_changed":false,"pmpro_default_level":"","footnotes":""},"class_list":["post-20167","page","type-page","status-publish","hentry","pmpro-has-access"],"acf":[],"_links":{"self":[{"href":"https:\/\/fibrocanada.ca\/fr\/wp-json\/wp\/v2\/pages\/20167","targetHints":{"allow":["GET"]}}],"collection":[{"href":"https:\/\/fibrocanada.ca\/fr\/wp-json\/wp\/v2\/pages"}],"about":[{"href":"https:\/\/fibrocanada.ca\/fr\/wp-json\/wp\/v2\/types\/page"}],"author":[{"embeddable":true,"href":"https:\/\/fibrocanada.ca\/fr\/wp-json\/wp\/v2\/users\/1"}],"replies":[{"embeddable":true,"href":"https:\/\/fibrocanada.ca\/fr\/wp-json\/wp\/v2\/comments?post=20167"}],"version-history":[{"count":0,"href":"https:\/\/fibrocanada.ca\/fr\/wp-json\/wp\/v2\/pages\/20167\/revisions"}],"wp:attachment":[{"href":"https:\/\/fibrocanada.ca\/fr\/wp-json\/wp\/v2\/media?parent=20167"}],"curies":[{"name":"wp","href":"https:\/\/api.w.org\/{rel}","templated":true}]}}