{"id":20785,"date":"2025-08-05T10:16:32","date_gmt":"2025-08-05T16:16:32","guid":{"rendered":"https:\/\/fibrocanada.ca\/?page_id=20785"},"modified":"2026-04-17T18:46:52","modified_gmt":"2026-04-17T22:46:52","slug":"agm-reports","status":"publish","type":"page","link":"https:\/\/fibrocanada.ca\/fr\/agm-reports","title":{"rendered":"MAY 25, 2026AGM ANNOUNCEMENT AND PAST REPORTS"},"content":{"rendered":"<div class=\"et_pb_section_0 et_pb_section et_section_regular et_block_section\">\n<div class=\"et_pb_row_0 et_pb_row et_block_row\">\n<div class=\"et_pb_column_0 et_pb_column et_pb_column_4_4 et-last-child et_block_column et_pb_css_mix_blend_mode_passthrough preset--module--divi-column--default\">\n<div class=\"et_pb_text_0 et_pb_text et_pb_bg_layout_light et_pb_module et_flex_module preset--module--divi-text--default\"><div class=\"et_pb_text_inner\"><p>Fibromyalgia ASsociation Canada hosts an Annual General Meeting each year to communicate to members about organization activities, achievements and plans for the coming year. AGM Reports from past years are available here.<\/p>\n<\/div><\/div>\n\n<div class=\"et_pb_blog_0 et_pb_blog et_pb_bg_layout_light et_pb_posts et_pb_module et_blog_grid_equal_height preset--module--divi-blog--default\"><div class=\"et_pb_ajax_pagination_container\"><div class=\"et_pb_posts et_grid_module\"><article class=\"et_pb_post et_pb_post_id_17363 clearfix et_pb_blog_item_0_0 post-17363 post type-post status-publish format-standard has-post-thumbnail hentry category-agm-reports pmpro-has-access\"><div class=\"et_pb_image_container\"><a href=\"https:\/\/fibrocanada.ca\/fr\/agm-2025\" class=\"entry-featured-image-url\"><img loading=\"lazy\" decoding=\"async\" src=\"https:\/\/fibrocanada.ca\/wp-content\/uploads\/2025\/04\/AGM.webp\" width=\"500\" height=\"500\" alt=\"AGM 2025 Fibromyalgia Association Canada\" class=\"\" \/><span data-icon=\"5\" class=\"et_overlay et_pb_inline_icon\"><\/span><\/a><\/div><h2 class=\"entry-title\"><a href=\"https:\/\/fibrocanada.ca\/fr\/agm-2025\">Assembl\u00e9e g\u00e9n\u00e9rale annuelle 2025<\/a><\/h2><p class=\"post-meta\"><\/p><div class=\"post-content\"><div class=\"post-content-inner\"><p>Le rapport de l'AGA 2025 est d\u00e9sormais disponible en t\u00e9l\u00e9chargement pour les membres. Veuillez vous connecter pour le t\u00e9l\u00e9charger.<\/p>\n<\/div><\/div><\/article><article class=\"et_pb_post et_pb_post_id_13183 clearfix et_pb_blog_item_0_1 post-13183 post type-post status-publish format-standard has-post-thumbnail hentry category-agm-reports pmpro-has-access\"><div class=\"et_pb_image_container\"><a href=\"https:\/\/fibrocanada.ca\/fr\/agm-2024-report\" class=\"entry-featured-image-url\"><img loading=\"lazy\" decoding=\"async\" src=\"https:\/\/fibrocanada.ca\/wp-content\/uploads\/2024\/07\/2024-AGM-Report.png\" width=\"650\" height=\"650\" alt=\"Annual General Meeting 2024 Report\" class=\"\" \/><span data-icon=\"5\" class=\"et_overlay et_pb_inline_icon\"><\/span><\/a><\/div><h2 class=\"entry-title\"><a href=\"https:\/\/fibrocanada.ca\/fr\/agm-2024-report\">Annual General Meeting 2024 Report<\/a><\/h2><p class=\"post-meta\"><\/p><div class=\"post-content\"><div class=\"post-content-inner\"><p>Fibromyalgia Association Canada (FAC) held its third Annual General Meeting on May 27, 2024. <\/p>\n<\/div><\/div><\/article><article class=\"et_pb_post et_pb_post_id_13182 clearfix et_pb_blog_item_0_2 post-13182 post type-post status-publish format-standard has-post-thumbnail hentry category-agm-reports pmpro-has-access\"><div class=\"et_pb_image_container\"><a href=\"https:\/\/fibrocanada.ca\/fr\/agm-2023-report\" class=\"entry-featured-image-url\"><img loading=\"lazy\" decoding=\"async\" src=\"https:\/\/fibrocanada.ca\/wp-content\/uploads\/2024\/07\/2023-AGM-Report.png\" width=\"650\" height=\"650\" alt=\"Annual General Meeting 2023 Report\" class=\"\" \/><span data-icon=\"5\" class=\"et_overlay et_pb_inline_icon\"><\/span><\/a><\/div><h2 class=\"entry-title\"><a href=\"https:\/\/fibrocanada.ca\/fr\/agm-2023-report\">Compte rendu de l'Assembl\u00e9e g\u00e9n\u00e9rale annuelle 2023<\/a><\/h2><p class=\"post-meta\"><\/p><div class=\"post-content\"><div class=\"post-content-inner\"><p>La 2e assembl\u00e9e g\u00e9n\u00e9rale annuelle de l\u2019Association canadienne de la fibromyalgie a eu lieu le lundi 11 septembre 2023.<\/p>\n<\/div><\/div><\/article><article class=\"et_pb_post et_pb_post_id_13181 clearfix et_pb_blog_item_0_3 post-13181 post type-post status-publish format-standard has-post-thumbnail hentry category-agm-reports pmpro-has-access\"><div class=\"et_pb_image_container\"><a href=\"https:\/\/fibrocanada.ca\/fr\/agm-2022-report\" class=\"entry-featured-image-url\"><img loading=\"lazy\" decoding=\"async\" src=\"https:\/\/fibrocanada.ca\/wp-content\/uploads\/2024\/07\/2022-AGM-Report.png\" width=\"650\" height=\"650\" alt=\"Annual General Meeting 2022 Report\" class=\"\" \/><span data-icon=\"5\" class=\"et_overlay et_pb_inline_icon\"><\/span><\/a><\/div><h2 class=\"entry-title\"><a href=\"https:\/\/fibrocanada.ca\/fr\/agm-2022-report\">Rapport de l'Assembl\u00e9e g\u00e9n\u00e9rale annuelle 2022<\/a><\/h2><p class=\"post-meta\"><\/p><div class=\"post-content\"><div class=\"post-content-inner\"><p class=\"translation-block\">L'Association canadienne de la fibromyalgie a tenu sa premi\u00e8re assembl\u00e9e g\u00e9n\u00e9rale annuelle le 12 septembre 2022.<\/p>\n<\/div><\/div><\/article><\/div><\/div><\/div>\n<\/div>\n<\/div>\n<\/div>","protected":false},"excerpt":{"rendered":"<p>Fibromyalgia ASsociation Canada hosts an Annual General Meeting each year to communicate to members about organization activities, achievements and plans for the coming year. AGM Reports from past years are available here.<\/p>","protected":false},"author":1,"featured_media":21688,"parent":0,"menu_order":0,"comment_status":"closed","ping_status":"closed","template":"","meta":{"_acf_changed":false,"pmpro_default_level":"","footnotes":""},"class_list":["post-20785","page","type-page","status-publish","has-post-thumbnail","hentry","pmpro-has-access"],"acf":[],"_links":{"self":[{"href":"https:\/\/fibrocanada.ca\/fr\/wp-json\/wp\/v2\/pages\/20785","targetHints":{"allow":["GET"]}}],"collection":[{"href":"https:\/\/fibrocanada.ca\/fr\/wp-json\/wp\/v2\/pages"}],"about":[{"href":"https:\/\/fibrocanada.ca\/fr\/wp-json\/wp\/v2\/types\/page"}],"author":[{"embeddable":true,"href":"https:\/\/fibrocanada.ca\/fr\/wp-json\/wp\/v2\/users\/1"}],"replies":[{"embeddable":true,"href":"https:\/\/fibrocanada.ca\/fr\/wp-json\/wp\/v2\/comments?post=20785"}],"version-history":[{"count":4,"href":"https:\/\/fibrocanada.ca\/fr\/wp-json\/wp\/v2\/pages\/20785\/revisions"}],"predecessor-version":[{"id":23828,"href":"https:\/\/fibrocanada.ca\/fr\/wp-json\/wp\/v2\/pages\/20785\/revisions\/23828"}],"wp:featuredmedia":[{"embeddable":true,"href":"https:\/\/fibrocanada.ca\/fr\/wp-json\/wp\/v2\/media\/21688"}],"wp:attachment":[{"href":"https:\/\/fibrocanada.ca\/fr\/wp-json\/wp\/v2\/media?parent=20785"}],"curies":[{"name":"wp","href":"https:\/\/api.w.org\/{rel}","templated":true}]}}