{"id":2440,"date":"2021-10-30T00:42:58","date_gmt":"2021-10-30T00:42:58","guid":{"rendered":"https:\/\/new.fibrocanada.ca\/?page_id=34"},"modified":"2026-01-19T09:27:18","modified_gmt":"2026-01-19T14:27:18","slug":"resources","status":"publish","type":"page","link":"https:\/\/fibrocanada.ca\/fr\/resources","title":{"rendered":"RESOURCES"},"content":{"rendered":"<div class=\"et_pb_section_0 et_pb_section et_section_regular et_block_section\">\n<div class=\"et_pb_row_0 et_pb_row et_block_row\">\n<div class=\"et_pb_column_0 et_pb_column et_pb_column_4_4 et-last-child et_block_column et_pb_css_mix_blend_mode_passthrough preset--module--divi-column--default\">\n<div class=\"et_pb_text_0 et_pb_text et_pb_bg_layout_light et_pb_module et_block_module preset--module--divi-text--default\"><div class=\"et_pb_text_inner\"><p><!-- wp:image {\"id\":906,\"width\":400,\"height\":267,\"sizeSlug\":\"full\",\"linkDestination\":\"none\"} --><\/p>\n<figure class=\"wp-block-image size-full is-resized\"><img loading=\"lazy\" decoding=\"async\" src=\"https:\/\/fibrocanada.ca\/wp-content\/uploads\/2021\/12\/img.jpg\" alt=\"\" class=\"wp-image-906\" width=\"400\" height=\"267\" \/><\/figure>\n<p><!-- \/wp:image --><\/p>\n<p><!-- wp:paragraph {\"style\":{\"typography\":{\"fontSize\":\"18px\"}}} --><\/p>\n<p id=\"learning-and-living-with-fibromyalgia-is-already-an-overwhelming-life-change-to-accept-and-to-adapt-to-it-is-difficult-to-find-others-who-understand-exactly-what-you-re-going-through-if-you-want-are-looking-for-local-provincial-territory-social-supports-resources-doctor-referral-networks-and-or-places-to-talk-to-others-living-with-the-condition-please-click-on-the-following-links-we-also-encourage-you-to-explore-the-fibromyalgia-community-s-picks-on-great-information-and-media-based-resources-to-share-with-family-and-friends-so-they-can-better-understand-your-journey-with-fibromyalgia\" style=\"font-size: 18px;\">Learning and living with fibromyalgia is already an overwhelming life change to accept and to adapt to.\u00a0 \u00a0It is difficult to find others who understand exactly what you\u2019re going through. If you are looking for local\/provincial\/territory social supports, resources, doctor referral networks and\/or places to talk to others living with the condition, please click on the following links.\u00a0 We also encourage you to explore the Fibromyalgia Community's picks on\u00a0great information and media-based resources to share with family and friends so they can better understand your journey with fibromyalgia.<\/p>\n<p><!-- \/wp:paragraph --><\/p>\n<p><!-- wp:shortcode --><br \/>Voici quelques ressources courantes que nos membres recherchent\u00a0:<br \/><!-- \/wp:shortcode --><\/p>\n<p>&nbsp;<\/p>\n<\/div><\/div>\n<\/div>\n<\/div>\n\n<div class=\"et_pb_row_1 et_pb_row et_block_row\">\n<div class=\"et_pb_column_1 et_pb_column et_pb_column_1_3 et_block_column et_pb_css_mix_blend_mode_passthrough preset--module--divi-column--default\">\n<div class=\"et_pb_blurb_0 et_pb_blurb et_pb_bg_layout_light et_pb_blurb_position_top et_clickable et_pb_module et_block_module preset--module--divi-blurb--default\"><div class=\"et_pb_blurb_content\"><div class=\"et_pb_main_blurb_image\"><a href=\"\/fr\/fact-sheets\/\"><span class=\"et_pb_image_wrap et_pb_only_image_mode_wrap\"><img loading=\"lazy\" decoding=\"async\" src=\"https:\/\/fibrocanada.ca\/wp-content\/uploads\/2026\/01\/fact-sheets.png\" width=\"650\" height=\"650\" srcset=\"https:\/\/fibrocanada.ca\/wp-content\/uploads\/2026\/01\/fact-sheets.png 650w, https:\/\/fibrocanada.ca\/wp-content\/uploads\/2026\/01\/fact-sheets-480x480.png 480w\" sizes=\"(min-width: 0px) and (max-width: 480px) 480px, (min-width: 481px) 650px, 100vw\" class=\"et_animated wp-image-22879\" title=\"fact-sheets\" \/><\/span><\/a><\/div><div class=\"et_pb_blurb_container\"><h4 class=\"et_pb_module_header\"><a href=\"\/fr\/fact-sheets\/\">Autres fiches d'information<\/a><\/h4><div class=\"et_pb_blurb_description\"><p>Helpful guides and handouts to educate about fibromyalgia. You'll find information about medications, treatments, employment and so much more.\u00a0<\/p>\n<p>&nbsp;<\/p>\n<\/div><\/div><\/div><\/div>\n\n<div class=\"et_pb_module et_pb_button_module_wrapper et_pb_button_0_wrapper preset--module--divi-button--default_wrapper\"><a class=\"et_pb_button_0 et_pb_button et_pb_bg_layout_light et_pb_module et_block_module preset--module--divi-button--default\" href=\"\/fr\/fact-sheets\/\">Apprendre encore plus<\/a><\/div>\n<\/div>\n\n<div class=\"et_pb_column_2 et_pb_column et_pb_column_1_3 et_block_column et_pb_css_mix_blend_mode_passthrough preset--module--divi-column--default\">\n<div class=\"et_pb_blurb_1 et_pb_blurb et_pb_bg_layout_light et_pb_blurb_position_top et_clickable et_pb_module et_block_module preset--module--divi-blurb--default\"><div class=\"et_pb_blurb_content\"><div class=\"et_pb_main_blurb_image\"><a href=\"\/fr\/fm-support-groups-across-canada\/\"><span class=\"et_pb_image_wrap et_pb_only_image_mode_wrap\"><img loading=\"lazy\" decoding=\"async\" src=\"https:\/\/fibrocanada.ca\/wp-content\/uploads\/2025\/03\/FAC-Poll-Community-Support-EN.webp\" width=\"600\" height=\"300\" srcset=\"https:\/\/fibrocanada.ca\/wp-content\/uploads\/2025\/03\/FAC-Poll-Community-Support-EN.webp 600w, https:\/\/fibrocanada.ca\/wp-content\/uploads\/2025\/03\/FAC-Poll-Community-Support-EN-480x240.webp 480w\" sizes=\"(min-width: 0px) and (max-width: 480px) 480px, (min-width: 481px) 600px, 100vw\" class=\"et_animated wp-image-17115\" alt=\"Poll: Community Support\" \/><\/span><\/a><\/div><div class=\"et_pb_blurb_container\"><h4 class=\"et_pb_module_header\"><a href=\"\/fr\/fm-support-groups-across-canada\/\">Groupes de soutien<\/a><\/h4><div class=\"et_pb_blurb_description\"><p>Peer support is an important part of living with fibromyalgia. We've compiled a list of support groups . Look for one in our area today.<\/p>\n<\/div><\/div><\/div><\/div>\n\n<div class=\"et_pb_module et_pb_button_module_wrapper et_pb_button_1_wrapper preset--module--divi-button--default_wrapper\"><a class=\"et_pb_button_1 et_pb_button et_pb_bg_layout_light et_pb_module et_block_module preset--module--divi-button--default\" href=\"https:\/\/fibrocanada.ca\/fr\/fibromyalgia-support-groups-in-canada\/\">Apprendre encore plus<\/a><\/div>\n<\/div>\n\n<div class=\"et_pb_column_3 et_pb_column et_pb_column_1_3 et-last-child et_block_column et_pb_css_mix_blend_mode_passthrough preset--module--divi-column--default\">\n<div class=\"et_pb_blurb_2 et_pb_blurb et_pb_bg_layout_light et_pb_blurb_position_top et_clickable et_pb_module et_block_module preset--module--divi-blurb--default\"><div class=\"et_pb_blurb_content\"><div class=\"et_pb_main_blurb_image\"><a href=\"\/fr\/guide-setting-up-a-peer-support-group\/\"><span class=\"et_pb_image_wrap et_pb_only_image_mode_wrap\"><img loading=\"lazy\" decoding=\"async\" src=\"https:\/\/fibrocanada.ca\/wp-content\/uploads\/2025\/03\/FAC-Poll-Community-Support-EN.webp\" width=\"600\" height=\"300\" srcset=\"https:\/\/fibrocanada.ca\/wp-content\/uploads\/2025\/03\/FAC-Poll-Community-Support-EN.webp 600w, https:\/\/fibrocanada.ca\/wp-content\/uploads\/2025\/03\/FAC-Poll-Community-Support-EN-480x240.webp 480w\" sizes=\"(min-width: 0px) and (max-width: 480px) 480px, (min-width: 481px) 600px, 100vw\" class=\"et_animated wp-image-17115\" alt=\"Poll: Community Support\" \/><\/span><\/a><\/div><div class=\"et_pb_blurb_container\"><h4 class=\"et_pb_module_header\"><a href=\"\/fr\/guide-setting-up-a-peer-support-group\/\">Guide de d\u00e9marrage pour les facilitateurs<\/a><\/h4><div class=\"et_pb_blurb_description\"><p>L'AFC propose un guide pour cr\u00e9er un groupe de soutien par les pairs dans votre r\u00e9gion. Apprenez comment cr\u00e9er, animer et aider les personnes atteintes de fibromyalgie dans votre communaut\u00e9.<\/p>\n<\/div><\/div><\/div><\/div>\n\n<div class=\"et_pb_module et_pb_button_module_wrapper et_pb_button_2_wrapper preset--module--divi-button--default_wrapper\"><a class=\"et_pb_button_2 et_pb_button et_pb_bg_layout_light et_pb_module et_block_module preset--module--divi-button--default\" href=\"\/fr\/guide-setting-up-a-peer-support-group\/\">Apprendre encore plus<\/a><\/div>\n<\/div>\n<\/div>\n\n<div class=\"et_pb_row_2 et_pb_row et_block_row\">\n<div class=\"et_pb_column_4 et_pb_column et_pb_column_1_3 et_block_column et_pb_css_mix_blend_mode_passthrough preset--module--divi-column--default\">\n<div class=\"et_pb_blurb_3 et_pb_blurb et_pb_bg_layout_light et_pb_blurb_position_top et_clickable et_pb_module et_block_module preset--module--divi-blurb--default\"><div class=\"et_pb_blurb_content\"><div class=\"et_pb_main_blurb_image\"><a href=\"\/fr\/self-management-resources\/\"><span class=\"et_pb_image_wrap et_pb_only_image_mode_wrap\"><img loading=\"lazy\" decoding=\"async\" src=\"https:\/\/fibrocanada.ca\/wp-content\/uploads\/2026\/01\/Self-management.png\" width=\"650\" height=\"650\" srcset=\"https:\/\/fibrocanada.ca\/wp-content\/uploads\/2026\/01\/Self-management.png 650w, https:\/\/fibrocanada.ca\/wp-content\/uploads\/2026\/01\/Self-management-480x480.png 480w\" sizes=\"(min-width: 0px) and (max-width: 480px) 480px, (min-width: 481px) 650px, 100vw\" class=\"et_animated wp-image-22940\" title=\"Self management\" \/><\/span><\/a><\/div><div class=\"et_pb_blurb_container\"><h4 class=\"et_pb_module_header\"><a href=\"\/fr\/self-management-resources\/\">Autogestion<\/a><\/h4><div class=\"et_pb_blurb_description\"><p>Trouvez des liens vers des outils d\u2019autogestion locaux et en ligne qui aident \u00e0 lutter contre la fibromyalgie.\u00a0<\/p>\n<p>&nbsp;<\/p>\n<\/div><\/div><\/div><\/div>\n\n<div class=\"et_pb_module et_pb_button_module_wrapper et_pb_button_3_wrapper preset--module--divi-button--default_wrapper\"><a class=\"et_pb_button_3 et_pb_button et_pb_bg_layout_light et_pb_module et_block_module preset--module--divi-button--default\" href=\"\/fr\/self-management-resources\/\">Apprendre encore plus<\/a><\/div>\n<\/div>\n\n<div class=\"et_pb_column_5 et_pb_column et_pb_column_1_3 et_block_column et_pb_css_mix_blend_mode_passthrough preset--module--divi-column--default\">\n<div class=\"et_pb_blurb_4 et_pb_blurb et_pb_bg_layout_light et_pb_blurb_position_top et_clickable et_pb_module et_block_module preset--module--divi-blurb--default\"><div class=\"et_pb_blurb_content\"><div class=\"et_pb_main_blurb_image\"><a href=\"\/fr\/fibro-flare-kit\/\"><span class=\"et_pb_image_wrap et_pb_only_image_mode_wrap\"><img loading=\"lazy\" decoding=\"async\" src=\"https:\/\/fibrocanada.ca\/wp-content\/uploads\/2026\/01\/Fibro-Flare-Kit.png\" width=\"650\" height=\"650\" srcset=\"https:\/\/fibrocanada.ca\/wp-content\/uploads\/2026\/01\/Fibro-Flare-Kit.png 650w, https:\/\/fibrocanada.ca\/wp-content\/uploads\/2026\/01\/Fibro-Flare-Kit-480x480.png 480w\" sizes=\"(min-width: 0px) and (max-width: 480px) 480px, (min-width: 481px) 650px, 100vw\" class=\"et_animated wp-image-22942\" title=\"Trousse de pouss\u00e9e de fibro\" \/><\/span><\/a><\/div><div class=\"et_pb_blurb_container\"><h4 class=\"et_pb_module_header\"><a href=\"\/fr\/fibro-flare-kit\/\">Kit de fus\u00e9es \u00e9clairantes<\/a><\/h4><div class=\"et_pb_blurb_description\"><p>Pr\u00e9parez-vous \u00e0 votre prochaine pouss\u00e9e de fibromyalgie gr\u00e2ce \u00e0 notre Kit Fibro Flare. Obtenez des conseils et astuces pour vous aider \u00e0 surmonter les moments difficiles de la fibromyalgie.<\/p>\n<\/div><\/div><\/div><\/div>\n\n<div class=\"et_pb_module et_pb_button_module_wrapper et_pb_button_4_wrapper preset--module--divi-button--default_wrapper\"><a class=\"et_pb_button_4 et_pb_button et_pb_bg_layout_light et_pb_module et_block_module preset--module--divi-button--default\" href=\"\/fr\/fibro-flare-kit\/\">Apprendre encore plus<\/a><\/div>\n<\/div>\n\n<div class=\"et_pb_column_6 et_pb_column et_pb_column_1_3 et-last-child et_block_column et_pb_css_mix_blend_mode_passthrough preset--module--divi-column--default\">\n<div class=\"et_pb_blurb_5 et_pb_blurb et_pb_bg_layout_light et_pb_blurb_position_top et_clickable et_pb_module et_block_module preset--module--divi-blurb--default\"><div class=\"et_pb_blurb_content\"><div class=\"et_pb_main_blurb_image\"><a href=\"\/fr\/fibromyalgia-faqs\/\"><span class=\"et_pb_image_wrap et_pb_only_image_mode_wrap\"><img loading=\"lazy\" decoding=\"async\" src=\"https:\/\/fibrocanada.ca\/wp-content\/uploads\/2026\/01\/FAQ.png\" width=\"650\" height=\"650\" srcset=\"https:\/\/fibrocanada.ca\/wp-content\/uploads\/2026\/01\/FAQ.png 650w, https:\/\/fibrocanada.ca\/wp-content\/uploads\/2026\/01\/FAQ-480x480.png 480w\" sizes=\"(min-width: 0px) and (max-width: 480px) 480px, (min-width: 481px) 650px, 100vw\" class=\"et_animated wp-image-22941\" title=\"FAQ\" \/><\/span><\/a><\/div><div class=\"et_pb_blurb_container\"><h4 class=\"et_pb_module_header\"><a href=\"\/fr\/fibromyalgia-faqs\/\">Fibro FAQ's<\/a><\/h4><div class=\"et_pb_blurb_description\"><p>Obtenez des r\u00e9ponses aux questions les plus courantes sur la fibromyalgie.<\/p>\n<\/div><\/div><\/div><\/div>\n\n<div class=\"et_pb_module et_pb_button_module_wrapper et_pb_button_5_wrapper preset--module--divi-button--default_wrapper\"><a class=\"et_pb_button_5 et_pb_button et_pb_bg_layout_light et_pb_module et_block_module preset--module--divi-button--default\" href=\"\/fr\/fibromyalgia-faqs\/\">Apprendre encore plus<\/a><\/div>\n<\/div>\n<\/div>\n\n<div class=\"et_pb_row_3 et_pb_row et_block_row\">\n<div class=\"et_pb_column_7 et_pb_column et_pb_column_1_3 et_block_column et_pb_css_mix_blend_mode_passthrough preset--module--divi-column--default\">\n<div class=\"et_pb_blurb_6 et_pb_blurb et_pb_bg_layout_light et_pb_blurb_position_top et_clickable et_pb_module et_block_module preset--module--divi-blurb--default\"><div class=\"et_pb_blurb_content\"><div class=\"et_pb_main_blurb_image\"><a href=\"\/fr\/just-the-facs-archives\/\"><span class=\"et_pb_image_wrap et_pb_only_image_mode_wrap\"><img loading=\"lazy\" decoding=\"async\" src=\"https:\/\/fibrocanada.ca\/wp-content\/uploads\/2025\/08\/FAC-Newsletters-EN.webp\" width=\"650\" height=\"325\" srcset=\"https:\/\/fibrocanada.ca\/wp-content\/uploads\/2025\/08\/FAC-Newsletters-EN.webp 650w, https:\/\/fibrocanada.ca\/wp-content\/uploads\/2025\/08\/FAC-Newsletters-EN-480x240.webp 480w\" sizes=\"(min-width: 0px) and (max-width: 480px) 480px, (min-width: 481px) 650px, 100vw\" class=\"et_animated wp-image-20958\" alt=\"FAC-Newsletters-EN\" \/><\/span><\/a><\/div><div class=\"et_pb_blurb_container\"><h4 class=\"et_pb_module_header\"><a href=\"\/fr\/just-the-facs-archives\/\">Bulletins d'information du FAC<\/a><\/h4><div class=\"et_pb_blurb_description\"><p>Keep up on all the news about fibromyalgia with our Just the FAC's newsletter. Get it in your inbox and check out past issues here.<\/p>\n<\/div><\/div><\/div><\/div>\n\n<div class=\"et_pb_module et_pb_button_module_wrapper et_pb_button_6_wrapper preset--module--divi-button--default_wrapper\"><a class=\"et_pb_button_6 et_pb_button et_pb_bg_layout_light et_pb_module et_block_module preset--module--divi-button--default\" href=\"\/fr\/just-the-facs-archives\/\">Apprendre encore plus<\/a><\/div>\n\n<div class=\"et_pb_module et_pb_button_module_wrapper et_pb_button_7_wrapper preset--module--divi-button--kb0cb2m0iy_wrapper\"><a class=\"et_pb_button_7 et_pb_button et_pb_bg_layout_light et_pb_module et_block_module preset--module--divi-button--kb0cb2m0iy\" href=\"\/fr\/donate\/\">Faire un don \u00e0 l'AFC<\/a><\/div>\n<\/div>\n\n<div class=\"et_pb_column_8 et_pb_column et_pb_column_1_3 et_block_column et_pb_css_mix_blend_mode_passthrough preset--module--divi-column--default\">\n<div class=\"et_pb_blurb_7 et_pb_blurb et_pb_bg_layout_light et_pb_blurb_position_top et_clickable et_pb_module et_block_module preset--module--divi-blurb--default\"><div class=\"et_pb_blurb_content\"><div class=\"et_pb_main_blurb_image\"><a href=\"\/fr\/discounted-services-for-persons-with-disabilities-in-canada\/\"><span class=\"et_pb_image_wrap et_pb_only_image_mode_wrap\"><img loading=\"lazy\" decoding=\"async\" src=\"https:\/\/fibrocanada.ca\/wp-content\/uploads\/2025\/08\/FAC-Discounts-EN.webp\" width=\"650\" height=\"241\" srcset=\"https:\/\/fibrocanada.ca\/wp-content\/uploads\/2025\/08\/FAC-Discounts-EN.webp 650w, https:\/\/fibrocanada.ca\/wp-content\/uploads\/2025\/08\/FAC-Discounts-EN-480x178.webp 480w\" sizes=\"(min-width: 0px) and (max-width: 480px) 480px, (min-width: 481px) 650px, 100vw\" class=\"et_animated wp-image-20952\" alt=\"Discounted Services for Persons with Disabilities in Canada\" \/><\/span><\/a><\/div><div class=\"et_pb_blurb_container\"><h4 class=\"et_pb_module_header\"><a href=\"\/fr\/discounted-services-for-persons-with-disabilities-in-canada\/\">Disability Discounts<\/a><\/h4><div class=\"et_pb_blurb_description\"><p>Plusieurs entreprises proposent des r\u00e9ductions pour leurs services aux personnes handicap\u00e9es. Vous trouverez ici la liste de certaines d'entre elles.<\/p>\n<\/div><\/div><\/div><\/div>\n\n<div class=\"et_pb_module et_pb_button_module_wrapper et_pb_button_8_wrapper preset--module--divi-button--kb0cb2m0iy_wrapper\"><a class=\"et_pb_button_8 et_pb_button et_pb_bg_layout_light et_pb_module et_block_module preset--module--divi-button--kb0cb2m0iy\" href=\"\/fr\/discounted-services-for-persons-with-disabilities-in-canada\/\">Apprendre encore plus<\/a><\/div>\n<\/div>\n\n<div class=\"et_pb_column_9 et_pb_column et_pb_column_1_3 et-last-child et_block_column et_pb_css_mix_blend_mode_passthrough preset--module--divi-column--default\">\n<div class=\"et_pb_blurb_8 et_pb_blurb et_pb_bg_layout_light et_pb_blurb_position_top et_clickable et_pb_module et_block_module preset--module--divi-blurb--default\"><div class=\"et_pb_blurb_content\"><div class=\"et_pb_main_blurb_image\"><a href=\"\/fr\/community-events-updates\/\"><span class=\"et_pb_image_wrap et_pb_only_image_mode_wrap\"><img loading=\"lazy\" decoding=\"async\" src=\"https:\/\/fibrocanada.ca\/wp-content\/uploads\/2026\/01\/Community-Event.png\" width=\"650\" height=\"650\" srcset=\"https:\/\/fibrocanada.ca\/wp-content\/uploads\/2026\/01\/Community-Event.png 650w, https:\/\/fibrocanada.ca\/wp-content\/uploads\/2026\/01\/Community-Event-480x480.png 480w\" sizes=\"(min-width: 0px) and (max-width: 480px) 480px, (min-width: 481px) 650px, 100vw\" class=\"et_animated wp-image-22943\" title=\"Community Event\" \/><\/span><\/a><\/div><div class=\"et_pb_blurb_container\"><h4 class=\"et_pb_module_header\"><a href=\"\/fr\/community-events-updates\/\">\u00c9v\u00e9nements communautaires<\/a><\/h4><div class=\"et_pb_blurb_description\"><p>Chaque ann\u00e9e, l'AFC organise plusieurs \u00e9v\u00e9nements communautaires, allant des causeries Fibro aux tables rondes avec des professionnels de la sant\u00e9. Nous organisons \u00e9galement plusieurs \u00e9v\u00e9nements partenaires, comme des conf\u00e9rences juridiques, les conf\u00e9rences nationales sur la douleur de la Soci\u00e9t\u00e9 canadienne de la douleur et bien plus encore. D\u00e9couvrez-les.<\/p>\n<\/div><\/div><\/div><\/div>\n\n<div class=\"et_pb_module et_pb_button_module_wrapper et_pb_button_9_wrapper preset--module--divi-button--default_wrapper\"><a class=\"et_pb_button_9 et_pb_button et_pb_bg_layout_light et_pb_module et_block_module preset--module--divi-button--default\" href=\"\/fr\/community-events-updates\/\">Apprendre encore plus<\/a><\/div>\n<\/div>\n<\/div>\n<\/div>","protected":false},"excerpt":{"rendered":"","protected":false},"author":3,"featured_media":20925,"parent":0,"menu_order":0,"comment_status":"closed","ping_status":"closed","template":"","meta":{"_acf_changed":false,"pmpro_default_level":"","footnotes":""},"class_list":["post-2440","page","type-page","status-publish","has-post-thumbnail","hentry","pmpro-has-access"],"acf":[],"_links":{"self":[{"href":"https:\/\/fibrocanada.ca\/fr\/wp-json\/wp\/v2\/pages\/2440","targetHints":{"allow":["GET"]}}],"collection":[{"href":"https:\/\/fibrocanada.ca\/fr\/wp-json\/wp\/v2\/pages"}],"about":[{"href":"https:\/\/fibrocanada.ca\/fr\/wp-json\/wp\/v2\/types\/page"}],"author":[{"embeddable":true,"href":"https:\/\/fibrocanada.ca\/fr\/wp-json\/wp\/v2\/users\/3"}],"replies":[{"embeddable":true,"href":"https:\/\/fibrocanada.ca\/fr\/wp-json\/wp\/v2\/comments?post=2440"}],"version-history":[{"count":0,"href":"https:\/\/fibrocanada.ca\/fr\/wp-json\/wp\/v2\/pages\/2440\/revisions"}],"wp:featuredmedia":[{"embeddable":true,"href":"https:\/\/fibrocanada.ca\/fr\/wp-json\/wp\/v2\/media\/20925"}],"wp:attachment":[{"href":"https:\/\/fibrocanada.ca\/fr\/wp-json\/wp\/v2\/media?parent=2440"}],"curies":[{"name":"wp","href":"https:\/\/api.w.org\/{rel}","templated":true}]}}