{"id":8160,"date":"2023-04-20T14:02:30","date_gmt":"2023-04-20T18:02:30","guid":{"rendered":"https:\/\/fibrocanada.ca\/?page_id=8160"},"modified":"2023-04-20T14:02:30","modified_gmt":"2023-04-20T18:02:30","slug":"fm-diagnostic-criteria-2016","status":"publish","type":"page","link":"https:\/\/fibrocanada.ca\/fr\/resources\/fac-library\/fm-diagnostic-criteria-2016","title":{"rendered":"Crit\u00e8res de diagnostic de la FM 2016"},"content":{"rendered":"<p style=\"font-size:18px\">Vous pouvez t\u00e9l\u00e9charger le <a href=\"https:\/\/fibrocanada.ca\/wp-content\/uploads\/2023\/04\/Criteres-de-diagnostiques-FM-2016.pdf\">Crit\u00e8res de diagnostic de la FM 2016<\/a>, remplissez-le et apportez-le \u00e0 votre m\u00e9decin<\/p>\n\n\n\n\n\n<\/p>\n\n\n<a href=\"https:\/\/fibrocanada.ca\/wp-content\/uploads\/2023\/04\/Criteres-de-diagnostiques-FM-2016.pdf\" class=\"pdfemb-viewer\" style=\"width:800px;\" data-width=\"800\" data-height=\"max\" data-toolbar=\"bottom\" data-toolbar-fixed=\"off\">Criteres-de-diagnostiques-FM-2016<\/a>\n<p class=\"wp-block-pdfemb-pdf-embedder-viewer\"><\/p>\n\n\n<p>","protected":false},"excerpt":{"rendered":"<p>Vous pouvez t\u00e9l\u00e9charger les crit\u00e8res de diagnostic FM 2016, les remplir et les apporter \u00e0 votre m\u00e9decin<\/p>","protected":false},"author":3,"featured_media":0,"parent":3993,"menu_order":0,"comment_status":"closed","ping_status":"closed","template":"","meta":{"_acf_changed":false,"pmpro_default_level":"","footnotes":""},"class_list":["post-8160","page","type-page","status-publish","hentry","pmpro-has-access"],"acf":[],"_links":{"self":[{"href":"https:\/\/fibrocanada.ca\/fr\/wp-json\/wp\/v2\/pages\/8160","targetHints":{"allow":["GET"]}}],"collection":[{"href":"https:\/\/fibrocanada.ca\/fr\/wp-json\/wp\/v2\/pages"}],"about":[{"href":"https:\/\/fibrocanada.ca\/fr\/wp-json\/wp\/v2\/types\/page"}],"author":[{"embeddable":true,"href":"https:\/\/fibrocanada.ca\/fr\/wp-json\/wp\/v2\/users\/3"}],"replies":[{"embeddable":true,"href":"https:\/\/fibrocanada.ca\/fr\/wp-json\/wp\/v2\/comments?post=8160"}],"version-history":[{"count":0,"href":"https:\/\/fibrocanada.ca\/fr\/wp-json\/wp\/v2\/pages\/8160\/revisions"}],"up":[{"embeddable":true,"href":"https:\/\/fibrocanada.ca\/fr\/wp-json\/wp\/v2\/pages\/3993"}],"wp:attachment":[{"href":"https:\/\/fibrocanada.ca\/fr\/wp-json\/wp\/v2\/media?parent=8160"}],"curies":[{"name":"wp","href":"https:\/\/api.w.org\/{rel}","templated":true}]}}